{"id":429,"date":"2025-07-16T12:38:19","date_gmt":"2025-07-16T12:38:19","guid":{"rendered":"http:\/\/www.1.laboratoire-achroma.fr\/ks\/?page_id=429"},"modified":"2025-07-16T12:45:21","modified_gmt":"2025-07-16T12:45:21","slug":"mentions-legales","status":"publish","type":"page","link":"https:\/\/www.1.laboratoire-achroma.fr\/ks\/index.php\/mentions-legales\/","title":{"rendered":"Mentions l\u00e9gales"},"content":{"rendered":"\t\t<div data-elementor-type=\"wp-page\" data-elementor-id=\"429\" class=\"elementor elementor-429\" data-elementor-post-type=\"page\">\n\t\t\t\t<div class=\"elementor-element elementor-element-53de026 e-flex e-con-boxed e-con e-parent\" data-id=\"53de026\" data-element_type=\"container\" data-settings=\"{&quot;background_background&quot;:&quot;classic&quot;}\">\n\t\t\t\t\t<div class=\"e-con-inner\">\n\t\t\t\t\t<\/div>\n\t\t\t\t<\/div>\n\t\t<div class=\"elementor-element elementor-element-632cc64 e-flex e-con-boxed e-con e-parent\" data-id=\"632cc64\" data-element_type=\"container\" data-settings=\"{&quot;background_background&quot;:&quot;classic&quot;}\">\n\t\t\t\t\t<div class=\"e-con-inner\">\n\t\t\t\t<div class=\"elementor-element elementor-element-635e997 elementor-widget__width-initial elementor-widget elementor-widget-heading\" data-id=\"635e997\" data-element_type=\"widget\" data-widget_type=\"heading.default\">\n\t\t\t\t\t<h1 class=\"elementor-heading-title elementor-size-default\">Mentions l\u00e9gales<\/h1>\t\t\t\t<\/div>\n\t\t\t\t\t<\/div>\n\t\t\t\t<\/div>\n\t\t<div class=\"elementor-element elementor-element-1e927e5 e-flex e-con-boxed e-con e-parent\" data-id=\"1e927e5\" data-element_type=\"container\" data-settings=\"{&quot;background_background&quot;:&quot;classic&quot;}\">\n\t\t\t\t\t<div class=\"e-con-inner\">\n\t\t\t\t<div class=\"elementor-element elementor-element-fd07e44 elementor-widget elementor-widget-text-editor\" data-id=\"fd07e44\" data-element_type=\"widget\" data-widget_type=\"text-editor.default\">\n\t\t\t\t\t\t\t\t\t<p><strong data-start=\"312\" data-end=\"349\">Derni\u00e8re mise \u00e0 jour : 01\/07\/2025<\/strong><\/p><p data-start=\"356\" data-end=\"381\"><strong>1. Mentions l\u00e9gales<\/strong><\/p><p data-start=\"356\" data-end=\"381\"><strong data-start=\"383\" data-end=\"402\">\u00c9diteur du site <\/strong><strong data-start=\"405\" data-end=\"411\">KS<\/strong><br data-start=\"411\" data-end=\"414\" \/>Forme juridique : Soci\u00e9t\u00e9 par actions simplifi\u00e9e (SAS)<br data-start=\"468\" data-end=\"471\" \/>SIREN : 804 938 124<br data-start=\"490\" data-end=\"493\" \/>SIRET si\u00e8ge : 804 938 124 00067<br data-start=\"524\" data-end=\"527\" \/>TVA intracommunautaire : FR63804938124<br data-start=\"565\" data-end=\"568\" \/>Code APE : 8010Z \u2013 Activit\u00e9s de s\u00e9curit\u00e9 priv\u00e9e<br data-start=\"615\" data-end=\"618\" \/>Adresse : Route de Toulouse, 46000 CAHORS, France<br data-start=\"667\" data-end=\"670\" \/>Date de cr\u00e9ation : 01\/08\/2016<br data-start=\"699\" data-end=\"702\" \/>Dirigeant : Ren\u00e9 ROZEL<br data-start=\"724\" data-end=\"727\" \/>RCS : le 01\/07\/2025 \u2014 INSEE : le 01\/07\/2025 \u2014 RNE : le 30\/06\/2025<br data-start=\"792\" data-end=\"795\" \/>Email : [\u00e0 compl\u00e9ter, ex : <a class=\"cursor-pointer\" rel=\"noopener\">contact@kingsecurite.com<\/a>]<br data-start=\"847\" data-end=\"850\" \/>Site : <a class=\"\" href=\"https:\/\/www.kingsecurite.com\" target=\"_new\" rel=\"noopener\" data-start=\"857\" data-end=\"909\">www.kingsecurite.com<\/a><\/p><p><strong data-start=\"911\" data-end=\"924\">H\u00e9bergeur<\/strong><br data-start=\"924\" data-end=\"927\" \/>OVH SAS<br data-start=\"934\" data-end=\"937\" \/>2 rue Kellermann \u2013 59100 Roubaix \u2013 France<br data-start=\"978\" data-end=\"981\" \/>T\u00e9l : 1007<br data-start=\"991\" data-end=\"994\" \/>Site : <a class=\"\" href=\"https:\/\/www.ovh.com\" target=\"_new\" rel=\"noopener\" data-start=\"1001\" data-end=\"1035\">www.ovh.com<\/a><\/p><p data-start=\"1042\" data-end=\"1091\"><strong>2. Conditions G\u00e9n\u00e9rales d\u2019Utilisation (CGU)<\/strong><\/p><p data-start=\"1093\" data-end=\"1108\">2.1 Objet<\/p><p>Les pr\u00e9sentes CGU d\u00e9finissent les modalit\u00e9s d\u2019acc\u00e8s et d\u2019utilisation du site <a class=\"\" href=\"http:\/\/www.kingsecurite.com\" target=\"_new\" rel=\"noopener\" data-start=\"1186\" data-end=\"1206\">www.kingsecurite.com<\/a>.<\/p><p data-start=\"1209\" data-end=\"1230\">2.2 Acceptation<\/p><p>L\u2019utilisation du site implique l\u2019acceptation pleine et enti\u00e8re des pr\u00e9sentes conditions. Si vous n\u2019acceptez pas ces conditions, veuillez ne pas utiliser le site.<\/p><p data-start=\"1394\" data-end=\"1417\">2.3 Acc\u00e8s au site<\/p><p>Le site est accessible gratuitement 24h\/24, 7j\/7, sauf interruption pour maintenance ou force majeure.<\/p><p data-start=\"1522\" data-end=\"1546\">2.4 Responsabilit\u00e9<\/p><p>KS ne saurait \u00eatre tenu responsable d\u2019\u00e9ventuels dysfonctionnements ou erreurs pouvant survenir sur le site. L&rsquo;utilisateur s&rsquo;engage \u00e0 acc\u00e9der au site avec un mat\u00e9riel r\u00e9cent, ne contenant pas de virus et avec un navigateur mis \u00e0 jour.<\/p><p data-start=\"1782\" data-end=\"1816\">2.5 Propri\u00e9t\u00e9 intellectuelle<\/p><p>L\u2019ensemble du contenu du site (textes, images, logos, vid\u00e9os, etc.) est prot\u00e9g\u00e9 par le droit de la propri\u00e9t\u00e9 intellectuelle. Toute reproduction ou repr\u00e9sentation totale ou partielle est interdite sans autorisation \u00e9crite pr\u00e9alable.<\/p><p data-start=\"2055\" data-end=\"2084\"><strong>3. Politique de cookies<\/strong><\/p><p data-start=\"2086\" data-end=\"2106\">3.1 D\u00e9finition<\/p><p>Un cookie est un petit fichier texte d\u00e9pos\u00e9 sur votre terminal lors de la visite d\u2019un site internet. Il permet notamment de reconna\u00eetre un utilisateur, de personnaliser son exp\u00e9rience et de r\u00e9aliser des statistiques de visite.<\/p><p data-start=\"2335\" data-end=\"2361\">3.2 Cookies utilis\u00e9s<\/p><p>Le site peut utiliser :<\/p><ul data-start=\"2386\" data-end=\"2634\"><li data-start=\"2386\" data-end=\"2454\"><p><strong data-start=\"2388\" data-end=\"2410\">Cookies techniques<\/strong> : indispensables au fonctionnement du site.<\/p><\/li><li data-start=\"2455\" data-end=\"2554\"><p><strong data-start=\"2457\" data-end=\"2489\">Cookies de mesure d\u2019audience<\/strong> : pour analyser le trafic via des outils comme Google Analytics.<\/p><\/li><li data-start=\"2555\" data-end=\"2634\"><p><strong data-start=\"2557\" data-end=\"2574\">Cookies tiers<\/strong> : li\u00e9s aux contenus embarqu\u00e9s (ex : YouTube, Google Maps\u2026).<\/p><\/li><\/ul><p data-start=\"2636\" data-end=\"2658\">3.3 Consentement<\/p><p>Lors de votre premi\u00e8re visite, un bandeau vous informe de l\u2019utilisation des cookies. Vous pouvez les accepter ou les refuser en tout ou partie.<\/p><p data-start=\"2804\" data-end=\"2833\">3.4 Gestion des cookies<\/p><p>Vous pouvez \u00e0 tout moment modifier vos pr\u00e9f\u00e9rences de cookies via le bandeau en bas de page ou configurer votre navigateur pour les bloquer :<\/p><ul data-start=\"2977\" data-end=\"3229\"><li data-start=\"2977\" data-end=\"3043\"><p><a class=\"cursor-pointer\" target=\"_new\" rel=\"noopener\" data-start=\"2979\" data-end=\"3043\">Gestion Chrome<\/a><\/p><\/li><li data-start=\"3044\" data-end=\"3138\"><p><a class=\"\" href=\"https:\/\/support.mozilla.org\/fr\/kb\/cookies-informations-sites-enregistrent\" target=\"_new\" rel=\"noopener\" data-start=\"3046\" data-end=\"3138\">Gestion Firefox<\/a><\/p><\/li><li data-start=\"3139\" data-end=\"3229\"><p><a class=\"\" href=\"https:\/\/support.microsoft.com\/fr-fr\/microsoft-edge\/supprimer-les-cookies\" target=\"_new\" rel=\"noopener\" data-start=\"3141\" data-end=\"3229\">Gestion Edge<\/a><\/p><\/li><\/ul><p data-start=\"3236\" data-end=\"3266\"><strong>4. Donn\u00e9es personnelles<\/strong><\/p><p>Conform\u00e9ment au RGPD, vous disposez d\u2019un droit d\u2019acc\u00e8s, de rectification, de suppression et d\u2019opposition aux donn\u00e9es personnelles vous concernant.<br data-start=\"3414\" data-end=\"3417\" \/>Pour exercer ce droit :<br data-start=\"3440\" data-end=\"3443\" \/>Email : <a class=\"cursor-pointer\" rel=\"noopener\">contact@kingsecurite.com<\/a><br data-start=\"3498\" data-end=\"3501\" \/>Adresse postale : KS \u2013 Route de Toulouse \u2013 46000 CAHORS \u2013 France<\/p><p>Aucune donn\u00e9e personnelle n\u2019est c\u00e9d\u00e9e \u00e0 des tiers sans votre consentement pr\u00e9alable.<\/p><div class=\"notranslate\" style=\"all: initial;\">\u00a0<\/div>\t\t\t\t\t\t\t\t<\/div>\n\t\t\t\t\t<\/div>\n\t\t\t\t<\/div>\n\t\t\t\t<\/div>\n\t\t","protected":false},"excerpt":{"rendered":"<p>Mentions l\u00e9gales Derni\u00e8re mise \u00e0 jour : 01\/07\/2025 1. Mentions l\u00e9gales \u00c9diteur du site KSForme juridique : Soci\u00e9t\u00e9 par actions simplifi\u00e9e (SAS)SIREN : 804 938 124SIRET si\u00e8ge : 804 938 124 00067TVA intracommunautaire : FR63804938124Code APE : 8010Z \u2013 Activit\u00e9s de s\u00e9curit\u00e9 priv\u00e9eAdresse : Route de Toulouse, 46000 CAHORS, FranceDate de cr\u00e9ation : 01\/08\/2016Dirigeant : [&hellip;]<\/p>\n","protected":false},"author":1,"featured_media":0,"parent":0,"menu_order":0,"comment_status":"closed","ping_status":"closed","template":"elementor_header_footer","meta":{"_acf_changed":false,"footnotes":""},"class_list":["post-429","page","type-page","status-publish","hentry"],"acf":[],"_links":{"self":[{"href":"https:\/\/www.1.laboratoire-achroma.fr\/ks\/index.php\/wp-json\/wp\/v2\/pages\/429","targetHints":{"allow":["GET"]}}],"collection":[{"href":"https:\/\/www.1.laboratoire-achroma.fr\/ks\/index.php\/wp-json\/wp\/v2\/pages"}],"about":[{"href":"https:\/\/www.1.laboratoire-achroma.fr\/ks\/index.php\/wp-json\/wp\/v2\/types\/page"}],"author":[{"embeddable":true,"href":"https:\/\/www.1.laboratoire-achroma.fr\/ks\/index.php\/wp-json\/wp\/v2\/users\/1"}],"replies":[{"embeddable":true,"href":"https:\/\/www.1.laboratoire-achroma.fr\/ks\/index.php\/wp-json\/wp\/v2\/comments?post=429"}],"version-history":[{"count":4,"href":"https:\/\/www.1.laboratoire-achroma.fr\/ks\/index.php\/wp-json\/wp\/v2\/pages\/429\/revisions"}],"predecessor-version":[{"id":434,"href":"https:\/\/www.1.laboratoire-achroma.fr\/ks\/index.php\/wp-json\/wp\/v2\/pages\/429\/revisions\/434"}],"wp:attachment":[{"href":"https:\/\/www.1.laboratoire-achroma.fr\/ks\/index.php\/wp-json\/wp\/v2\/media?parent=429"}],"curies":[{"name":"wp","href":"https:\/\/api.w.org\/{rel}","templated":true}]}}