{"id":408,"date":"2025-07-15T16:33:31","date_gmt":"2025-07-15T16:33:31","guid":{"rendered":"http:\/\/www.1.laboratoire-achroma.fr\/ks\/?page_id=408"},"modified":"2025-07-16T14:35:38","modified_gmt":"2025-07-16T14:35:38","slug":"contact","status":"publish","type":"page","link":"https:\/\/www.1.laboratoire-achroma.fr\/ks\/index.php\/contact\/","title":{"rendered":"Contact"},"content":{"rendered":"\t\t<div data-elementor-type=\"wp-page\" data-elementor-id=\"408\" class=\"elementor elementor-408\" data-elementor-post-type=\"page\">\n\t\t\t\t<div class=\"elementor-element elementor-element-fd2ecd1 e-flex e-con-boxed e-con e-parent\" data-id=\"fd2ecd1\" data-element_type=\"container\" data-settings=\"{&quot;background_background&quot;:&quot;classic&quot;}\">\n\t\t\t\t\t<div class=\"e-con-inner\">\n\t\t\t\t\t<\/div>\n\t\t\t\t<\/div>\n\t\t<div class=\"elementor-element elementor-element-8158e66 e-flex e-con-boxed e-con e-parent\" data-id=\"8158e66\" data-element_type=\"container\" data-settings=\"{&quot;background_background&quot;:&quot;classic&quot;}\">\n\t\t\t\t\t<div class=\"e-con-inner\">\n\t\t\t\t<div class=\"elementor-element elementor-element-76a8737 elementor-widget__width-initial elementor-widget elementor-widget-heading\" data-id=\"76a8737\" data-element_type=\"widget\" data-widget_type=\"heading.default\">\n\t\t\t\t\t<h1 class=\"elementor-heading-title elementor-size-default\">Nous sommes \u00e0 votre\n\u00e9coute<\/h1>\t\t\t\t<\/div>\n\t\t\t\t<div class=\"elementor-element elementor-element-d3e45c4 elementor-widget__width-initial elementor-widget elementor-widget-heading\" data-id=\"d3e45c4\" data-element_type=\"widget\" data-widget_type=\"heading.default\">\n\t\t\t\t\t<h2 class=\"elementor-heading-title elementor-size-default\">Nos \u00e9quipes vous r\u00e9pondent rapidement pour \u00e9tudier votre demande, planifier une intervention ou \u00e9tablir un devis personnalis\u00e9.<\/h2>\t\t\t\t<\/div>\n\t\t<div class=\"elementor-element elementor-element-57305be e-con-full e-flex e-con e-child\" data-id=\"57305be\" data-element_type=\"container\">\n\t\t\t\t<div class=\"elementor-element elementor-element-8ba1cd0 elementor-widget elementor-widget-button\" data-id=\"8ba1cd0\" data-element_type=\"widget\" data-widget_type=\"button.default\">\n\t\t\t\t\t\t\t\t\t\t<a class=\"elementor-button elementor-button-link elementor-size-sm\" href=\"http:\/\/www.1.laboratoire-achroma.fr\/ks\/index.php\/a-propos\/\">\n\t\t\t\t\t\t<span class=\"elementor-button-content-wrapper\">\n\t\t\t\t\t\t\t\t\t<span class=\"elementor-button-text\">Qui sommes-nous ?<\/span>\n\t\t\t\t\t<\/span>\n\t\t\t\t\t<\/a>\n\t\t\t\t\t\t\t\t<\/div>\n\t\t\t\t<\/div>\n\t\t\t\t\t<\/div>\n\t\t\t\t<\/div>\n\t\t<div class=\"elementor-element elementor-element-68794eb e-grid e-con-boxed e-con e-parent\" data-id=\"68794eb\" data-element_type=\"container\" data-settings=\"{&quot;background_background&quot;:&quot;classic&quot;}\">\n\t\t\t\t\t<div class=\"e-con-inner\">\n\t\t<div class=\"elementor-element elementor-element-3d0dddb e-con-full e-flex e-con e-child\" data-id=\"3d0dddb\" data-element_type=\"container\">\n\t\t\t\t<div class=\"elementor-element elementor-element-a78defe elementor-invisible elementor-widget elementor-widget-heading\" data-id=\"a78defe\" data-element_type=\"widget\" data-settings=\"{&quot;_animation&quot;:&quot;fadeIn&quot;}\" data-widget_type=\"heading.default\">\n\t\t\t\t\t<h2 class=\"elementor-heading-title elementor-size-default\">Coordonn\u00e9es<\/h2>\t\t\t\t<\/div>\n\t\t\t\t<div class=\"elementor-element elementor-element-27670d7 elementor-widget elementor-widget-image\" data-id=\"27670d7\" data-element_type=\"widget\" data-widget_type=\"image.default\">\n\t\t\t\t\t\t\t\t\t\t\t\t\t\t\t<img decoding=\"async\" width=\"145\" height=\"17\" src=\"https:\/\/www.1.laboratoire-achroma.fr\/ks\/wp-content\/uploads\/2025\/07\/1Fichier-9@72x.webp\" class=\"attachment-large size-large wp-image-29\" alt=\"\" \/>\t\t\t\t\t\t\t\t\t\t\t\t\t\t\t<\/div>\n\t\t\t\t<div class=\"elementor-element elementor-element-7fc29ff elementor-invisible elementor-widget elementor-widget-text-editor\" data-id=\"7fc29ff\" data-element_type=\"widget\" data-settings=\"{&quot;_animation&quot;:&quot;fadeIn&quot;}\" data-widget_type=\"text-editor.default\">\n\t\t\t\t\t\t\t\t\t<p><strong>KS S\u00e9curit\u00e9<\/strong><br \/>Route de Toulouse \u2013 46000 CAHORS<\/p><p>\u00a0<\/p><p><a href=\"tel:0565306603\"><strong>05 65 30 66 03<\/strong><\/a><\/p><p>\u00a0<\/p><p><a href=\"mailto:ksecurite6@orange.fr\">ksecurite6@orange.fr<\/a><\/p><p>\u00a0<\/p><p>804 938 124 R.C.S. Cahors<br \/>AUT 013 2117 11 121 20180670538<\/p><p>\u00a0<\/p><p><strong>Disponibilit\u00e9 : 24h\/24 \u2013 7j\/7<\/strong><br \/><strong>Zone d\u2019intervention : Lot et toute la France<\/strong><\/p>\t\t\t\t\t\t\t\t<\/div>\n\t\t\t\t<\/div>\n\t\t<div class=\"elementor-element elementor-element-7d65d04 e-con-full e-flex e-con e-child\" data-id=\"7d65d04\" data-element_type=\"container\">\n\t\t\t\t<div class=\"elementor-element elementor-element-f9a131c elementor-widget elementor-widget-google_maps\" data-id=\"f9a131c\" data-element_type=\"widget\" data-widget_type=\"google_maps.default\">\n\t\t\t\t\t\t\t<div class=\"elementor-custom-embed\">\n\t\t\t<iframe loading=\"lazy\"\n\t\t\t\t\tsrc=\"https:\/\/maps.google.com\/maps?q=44%C2%B025%2715.0%22N%201%C2%B026%2718.8%22E&#038;t=m&#038;z=13&#038;output=embed&#038;iwloc=near\"\n\t\t\t\t\ttitle=\"44\u00b025&#039;15.0&quot;N 1\u00b026&#039;18.8&quot;E\"\n\t\t\t\t\taria-label=\"44\u00b025&#039;15.0&quot;N 1\u00b026&#039;18.8&quot;E\"\n\t\t\t><\/iframe>\n\t\t<\/div>\n\t\t\t\t\t\t<\/div>\n\t\t\t\t<\/div>\n\t\t\t\t\t<\/div>\n\t\t\t\t<\/div>\n\t\t<div class=\"elementor-element elementor-element-9cbf7d7 e-flex e-con-boxed e-con e-parent\" data-id=\"9cbf7d7\" data-element_type=\"container\" data-settings=\"{&quot;background_background&quot;:&quot;classic&quot;}\">\n\t\t\t\t\t<div class=\"e-con-inner\">\n\t\t\t\t<div class=\"elementor-element elementor-element-06b7a81 elementor-invisible elementor-widget elementor-widget-heading\" data-id=\"06b7a81\" data-element_type=\"widget\" data-settings=\"{&quot;_animation&quot;:&quot;fadeIn&quot;}\" data-widget_type=\"heading.default\">\n\t\t\t\t\t<h3 class=\"elementor-heading-title elementor-size-default\">Nos engagements<\/h3>\t\t\t\t<\/div>\n\t\t\t\t<div class=\"elementor-element elementor-element-73d315d elementor-widget elementor-widget-image\" data-id=\"73d315d\" data-element_type=\"widget\" data-widget_type=\"image.default\">\n\t\t\t\t\t\t\t\t\t\t\t\t\t\t\t<img decoding=\"async\" width=\"145\" height=\"17\" src=\"https:\/\/www.1.laboratoire-achroma.fr\/ks\/wp-content\/uploads\/2025\/07\/1Fichier-9@72x.webp\" class=\"attachment-large size-large wp-image-29\" alt=\"\" \/>\t\t\t\t\t\t\t\t\t\t\t\t\t\t\t<\/div>\n\t\t<div class=\"elementor-element elementor-element-f0675b0 e-grid e-con-full e-con e-child\" data-id=\"f0675b0\" data-element_type=\"container\">\n\t\t<div class=\"elementor-element elementor-element-b15dba6 e-con-full e-flex elementor-invisible e-con e-child\" data-id=\"b15dba6\" data-element_type=\"container\" data-settings=\"{&quot;animation&quot;:&quot;fadeIn&quot;}\">\n\t\t\t\t<div class=\"elementor-element elementor-element-4d2b281 elementor-widget elementor-widget-image\" data-id=\"4d2b281\" data-element_type=\"widget\" data-widget_type=\"image.default\">\n\t\t\t\t\t\t\t\t\t\t\t\t\t\t\t<img decoding=\"async\" width=\"116\" height=\"71\" src=\"https:\/\/www.1.laboratoire-achroma.fr\/ks\/wp-content\/uploads\/2025\/07\/1Fichier-42@72x.webp\" class=\"attachment-large size-large wp-image-60\" alt=\"\" \/>\t\t\t\t\t\t\t\t\t\t\t\t\t\t\t<\/div>\n\t\t\t\t<div class=\"elementor-element elementor-element-a0c740b elementor-widget elementor-widget-heading\" data-id=\"a0c740b\" data-element_type=\"widget\" data-widget_type=\"heading.default\">\n\t\t\t\t\t<h2 class=\"elementor-heading-title elementor-size-default\">R\u00e9activit\u00e9<\/h2>\t\t\t\t<\/div>\n\t\t\t\t<div class=\"elementor-element elementor-element-a33e6c9 elementor-widget elementor-widget-text-editor\" data-id=\"a33e6c9\" data-element_type=\"widget\" data-widget_type=\"text-editor.default\">\n\t\t\t\t\t\t\t\t\t<p>Une capacit\u00e9 d\u2019intervention rapide sur alarme, de jour comme de nuit.<\/p>\t\t\t\t\t\t\t\t<\/div>\n\t\t\t\t<\/div>\n\t\t<div class=\"elementor-element elementor-element-268d024 e-con-full e-flex elementor-invisible e-con e-child\" data-id=\"268d024\" data-element_type=\"container\" data-settings=\"{&quot;animation&quot;:&quot;fadeIn&quot;}\">\n\t\t\t\t<div class=\"elementor-element elementor-element-e1c850c elementor-widget elementor-widget-image\" data-id=\"e1c850c\" data-element_type=\"widget\" data-widget_type=\"image.default\">\n\t\t\t\t\t\t\t\t\t\t\t\t\t\t\t<img decoding=\"async\" width=\"112\" height=\"66\" src=\"https:\/\/www.1.laboratoire-achroma.fr\/ks\/wp-content\/uploads\/2025\/07\/1Fichier-43@72x.webp\" class=\"attachment-large size-large wp-image-61\" alt=\"\" \/>\t\t\t\t\t\t\t\t\t\t\t\t\t\t\t<\/div>\n\t\t\t\t<div class=\"elementor-element elementor-element-e3cb6e4 elementor-widget elementor-widget-heading\" data-id=\"e3cb6e4\" data-element_type=\"widget\" data-widget_type=\"heading.default\">\n\t\t\t\t\t<h2 class=\"elementor-heading-title elementor-size-default\">Discr\u00e9tion<\/h2>\t\t\t\t<\/div>\n\t\t\t\t<div class=\"elementor-element elementor-element-e50a9fc elementor-widget elementor-widget-text-editor\" data-id=\"e50a9fc\" data-element_type=\"widget\" data-widget_type=\"text-editor.default\">\n\t\t\t\t\t\t\t\t\t<p>Un professionnalisme constant, avec des agents form\u00e9s \u00e0 la confidentialit\u00e9.<\/p>\t\t\t\t\t\t\t\t<\/div>\n\t\t\t\t<\/div>\n\t\t<div class=\"elementor-element elementor-element-d04269a e-con-full e-flex elementor-invisible e-con e-child\" data-id=\"d04269a\" data-element_type=\"container\" data-settings=\"{&quot;animation&quot;:&quot;fadeIn&quot;}\">\n\t\t\t\t<div class=\"elementor-element elementor-element-3ae0e61 elementor-widget elementor-widget-image\" data-id=\"3ae0e61\" data-element_type=\"widget\" data-widget_type=\"image.default\">\n\t\t\t\t\t\t\t\t\t\t\t\t\t\t\t<img loading=\"lazy\" decoding=\"async\" width=\"112\" height=\"71\" src=\"https:\/\/www.1.laboratoire-achroma.fr\/ks\/wp-content\/uploads\/2025\/07\/1Fichier-44@72x.webp\" class=\"attachment-large size-large wp-image-62\" alt=\"\" \/>\t\t\t\t\t\t\t\t\t\t\t\t\t\t\t<\/div>\n\t\t\t\t<div class=\"elementor-element elementor-element-801b8cd elementor-widget elementor-widget-heading\" data-id=\"801b8cd\" data-element_type=\"widget\" data-widget_type=\"heading.default\">\n\t\t\t\t\t<h2 class=\"elementor-heading-title elementor-size-default\">Confiance<\/h2>\t\t\t\t<\/div>\n\t\t\t\t<div class=\"elementor-element elementor-element-21e8df3 elementor-widget elementor-widget-text-editor\" data-id=\"21e8df3\" data-element_type=\"widget\" data-widget_type=\"text-editor.default\">\n\t\t\t\t\t\t\t\t\t<p>Des partenariats durables fond\u00e9s sur la transparence et le s\u00e9rieux.<\/p>\t\t\t\t\t\t\t\t<\/div>\n\t\t\t\t<\/div>\n\t\t<div class=\"elementor-element elementor-element-c2aa02c e-con-full e-flex elementor-invisible e-con e-child\" data-id=\"c2aa02c\" data-element_type=\"container\" data-settings=\"{&quot;animation&quot;:&quot;fadeIn&quot;}\">\n\t\t\t\t<div class=\"elementor-element elementor-element-68731d1 elementor-widget elementor-widget-image\" data-id=\"68731d1\" data-element_type=\"widget\" data-widget_type=\"image.default\">\n\t\t\t\t\t\t\t\t\t\t\t\t\t\t\t<img loading=\"lazy\" decoding=\"async\" width=\"113\" height=\"68\" src=\"https:\/\/www.1.laboratoire-achroma.fr\/ks\/wp-content\/uploads\/2025\/07\/1Fichier-45@72x.webp\" class=\"attachment-large size-large wp-image-63\" alt=\"\" \/>\t\t\t\t\t\t\t\t\t\t\t\t\t\t\t<\/div>\n\t\t\t\t<div class=\"elementor-element elementor-element-b41ef03 elementor-widget elementor-widget-heading\" data-id=\"b41ef03\" data-element_type=\"widget\" data-widget_type=\"heading.default\">\n\t\t\t\t\t<h2 class=\"elementor-heading-title elementor-size-default\">Proximit\u00e9<\/h2>\t\t\t\t<\/div>\n\t\t\t\t<div class=\"elementor-element elementor-element-b490dad elementor-widget elementor-widget-text-editor\" data-id=\"b490dad\" data-element_type=\"widget\" data-widget_type=\"text-editor.default\">\n\t\t\t\t\t\t\t\t\t<p>Une parfaite connaissance du territoire et des besoins locaux.<\/p>\t\t\t\t\t\t\t\t<\/div>\n\t\t\t\t<\/div>\n\t\t\t\t<\/div>\n\t\t\t\t\t<\/div>\n\t\t\t\t<\/div>\n\t\t<div class=\"elementor-element elementor-element-b1b0145 e-flex e-con-boxed e-con e-parent\" data-id=\"b1b0145\" data-element_type=\"container\" data-settings=\"{&quot;background_background&quot;:&quot;gradient&quot;}\">\n\t\t\t\t\t<div class=\"e-con-inner\">\n\t\t\t\t\t<\/div>\n\t\t\t\t<\/div>\n\t\t\t\t<\/div>\n\t\t","protected":false},"excerpt":{"rendered":"<p>Nous sommes \u00e0 votre \u00e9coute Nos \u00e9quipes vous r\u00e9pondent rapidement pour \u00e9tudier votre demande, planifier une intervention ou \u00e9tablir un devis personnalis\u00e9. Qui sommes-nous ? Coordonn\u00e9es KS S\u00e9curit\u00e9Route de Toulouse \u2013 46000 CAHORS \u00a0 05 65 30 66 03 \u00a0 ksecurite6@orange.fr \u00a0 804 938 124 R.C.S. CahorsAUT 013 2117 11 121 20180670538 \u00a0 Disponibilit\u00e9 : [&hellip;]<\/p>\n","protected":false},"author":1,"featured_media":0,"parent":0,"menu_order":0,"comment_status":"closed","ping_status":"closed","template":"elementor_header_footer","meta":{"_acf_changed":false,"footnotes":""},"class_list":["post-408","page","type-page","status-publish","hentry"],"acf":[],"_links":{"self":[{"href":"https:\/\/www.1.laboratoire-achroma.fr\/ks\/index.php\/wp-json\/wp\/v2\/pages\/408","targetHints":{"allow":["GET"]}}],"collection":[{"href":"https:\/\/www.1.laboratoire-achroma.fr\/ks\/index.php\/wp-json\/wp\/v2\/pages"}],"about":[{"href":"https:\/\/www.1.laboratoire-achroma.fr\/ks\/index.php\/wp-json\/wp\/v2\/types\/page"}],"author":[{"embeddable":true,"href":"https:\/\/www.1.laboratoire-achroma.fr\/ks\/index.php\/wp-json\/wp\/v2\/users\/1"}],"replies":[{"embeddable":true,"href":"https:\/\/www.1.laboratoire-achroma.fr\/ks\/index.php\/wp-json\/wp\/v2\/comments?post=408"}],"version-history":[{"count":22,"href":"https:\/\/www.1.laboratoire-achroma.fr\/ks\/index.php\/wp-json\/wp\/v2\/pages\/408\/revisions"}],"predecessor-version":[{"id":504,"href":"https:\/\/www.1.laboratoire-achroma.fr\/ks\/index.php\/wp-json\/wp\/v2\/pages\/408\/revisions\/504"}],"wp:attachment":[{"href":"https:\/\/www.1.laboratoire-achroma.fr\/ks\/index.php\/wp-json\/wp\/v2\/media?parent=408"}],"curies":[{"name":"wp","href":"https:\/\/api.w.org\/{rel}","templated":true}]}}