{"id":372,"date":"2025-07-15T16:09:39","date_gmt":"2025-07-15T16:09:39","guid":{"rendered":"http:\/\/www.1.laboratoire-achroma.fr\/ks\/?page_id=372"},"modified":"2025-07-16T12:48:24","modified_gmt":"2025-07-16T12:48:24","slug":"a-propos","status":"publish","type":"page","link":"https:\/\/www.1.laboratoire-achroma.fr\/ks\/index.php\/a-propos\/","title":{"rendered":"\u00c0 propos"},"content":{"rendered":"\t\t<div data-elementor-type=\"wp-page\" data-elementor-id=\"372\" class=\"elementor elementor-372\" data-elementor-post-type=\"page\">\n\t\t\t\t<div class=\"elementor-element elementor-element-f82c39a e-flex e-con-boxed e-con e-parent\" data-id=\"f82c39a\" data-element_type=\"container\" data-settings=\"{&quot;background_background&quot;:&quot;classic&quot;}\">\n\t\t\t\t\t<div class=\"e-con-inner\">\n\t\t\t\t\t<\/div>\n\t\t\t\t<\/div>\n\t\t<div class=\"elementor-element elementor-element-484a88b e-flex e-con-boxed e-con e-parent\" data-id=\"484a88b\" data-element_type=\"container\" data-settings=\"{&quot;background_background&quot;:&quot;classic&quot;}\">\n\t\t\t\t\t<div class=\"e-con-inner\">\n\t\t\t\t<div class=\"elementor-element elementor-element-6927f39 elementor-widget__width-initial elementor-widget elementor-widget-heading\" data-id=\"6927f39\" data-element_type=\"widget\" data-widget_type=\"heading.default\">\n\t\t\t\t\t<h1 class=\"elementor-heading-title elementor-size-default\">Votre partenaire s\u00e9curit\u00e9,\nimplant\u00e9 au coeur du Lot<\/h1>\t\t\t\t<\/div>\n\t\t\t\t<div class=\"elementor-element elementor-element-1309a46 elementor-widget__width-initial elementor-widget elementor-widget-heading\" data-id=\"1309a46\" data-element_type=\"widget\" data-widget_type=\"heading.default\">\n\t\t\t\t\t<h2 class=\"elementor-heading-title elementor-size-default\">Bas\u00e9e \u00e0 Cahors, notre entreprise met \u00e0 disposition des agents qualifi\u00e9s et r\u00e9actifs, disponibles 24h\/24 et 7j\/7, pour r\u00e9pondre aux besoins de s\u00e9curit\u00e9 des professionnels, des collectivit\u00e9s et des particuliers.<\/h2>\t\t\t\t<\/div>\n\t\t<div class=\"elementor-element elementor-element-8ab433e e-con-full e-flex e-con e-child\" data-id=\"8ab433e\" data-element_type=\"container\">\n\t\t\t\t<div class=\"elementor-element elementor-element-58bcd58 elementor-widget elementor-widget-button\" data-id=\"58bcd58\" data-element_type=\"widget\" data-widget_type=\"button.default\">\n\t\t\t\t\t\t\t\t\t\t<a class=\"elementor-button elementor-button-link elementor-size-sm\" href=\"#\">\n\t\t\t\t\t\t<span class=\"elementor-button-content-wrapper\">\n\t\t\t\t\t\t\t\t\t<span class=\"elementor-button-text\">Demandez votre devis<\/span>\n\t\t\t\t\t<\/span>\n\t\t\t\t\t<\/a>\n\t\t\t\t\t\t\t\t<\/div>\n\t\t\t\t<\/div>\n\t\t\t\t\t<\/div>\n\t\t\t\t<\/div>\n\t\t<div class=\"elementor-element elementor-element-6cf95da e-grid e-con-boxed e-con e-parent\" data-id=\"6cf95da\" data-element_type=\"container\" data-settings=\"{&quot;background_background&quot;:&quot;classic&quot;}\">\n\t\t\t\t\t<div class=\"e-con-inner\">\n\t\t<div class=\"elementor-element elementor-element-5dc521a e-con-full e-flex e-con e-child\" data-id=\"5dc521a\" data-element_type=\"container\">\n\t\t\t\t<div class=\"elementor-element elementor-element-09edce7 elementor-invisible elementor-widget elementor-widget-heading\" data-id=\"09edce7\" data-element_type=\"widget\" data-settings=\"{&quot;_animation&quot;:&quot;fadeIn&quot;}\" data-widget_type=\"heading.default\">\n\t\t\t\t\t<h2 class=\"elementor-heading-title elementor-size-default\">Notre mission<\/h2>\t\t\t\t<\/div>\n\t\t\t\t<div class=\"elementor-element elementor-element-9424438 elementor-widget elementor-widget-image\" data-id=\"9424438\" data-element_type=\"widget\" data-widget_type=\"image.default\">\n\t\t\t\t\t\t\t\t\t\t\t\t\t\t\t<img decoding=\"async\" width=\"145\" height=\"17\" src=\"https:\/\/www.1.laboratoire-achroma.fr\/ks\/wp-content\/uploads\/2025\/07\/1Fichier-9@72x.webp\" class=\"attachment-large size-large wp-image-29\" alt=\"\" \/>\t\t\t\t\t\t\t\t\t\t\t\t\t\t\t<\/div>\n\t\t\t\t<div class=\"elementor-element elementor-element-69ad6be elementor-invisible elementor-widget elementor-widget-text-editor\" data-id=\"69ad6be\" data-element_type=\"widget\" data-settings=\"{&quot;_animation&quot;:&quot;fadeIn&quot;}\" data-widget_type=\"text-editor.default\">\n\t\t\t\t\t\t\t\t\t<p>Qu\u2019il s\u2019agisse d\u2019intervenir sur alarme, d\u2019assurer des rondes, le contr\u00f4le d\u2019acc\u00e8s ou de fournir un APS, notre priorit\u00e9 reste la m\u00eame : votre tranquillit\u00e9. <br \/><br \/><strong>Nous proposons des solutions sur mesure, et assurons aussi des formations pour renforcer la s\u00e9curit\u00e9 sur le terrain.<\/strong><\/p>\t\t\t\t\t\t\t\t<\/div>\n\t\t\t\t<\/div>\n\t\t<div class=\"elementor-element elementor-element-915438d e-con-full e-flex e-con e-child\" data-id=\"915438d\" data-element_type=\"container\">\n\t\t<div class=\"elementor-element elementor-element-ac0474a e-con-full e-flex e-con e-child\" data-id=\"ac0474a\" data-element_type=\"container\" data-settings=\"{&quot;background_background&quot;:&quot;classic&quot;}\">\n\t\t\t\t<\/div>\n\t\t<div class=\"elementor-element elementor-element-b48a951 e-con-full e-flex e-con e-child\" data-id=\"b48a951\" data-element_type=\"container\" data-settings=\"{&quot;background_background&quot;:&quot;classic&quot;}\">\n\t\t<div class=\"elementor-element elementor-element-b29d975 e-con-full e-flex e-con e-child\" data-id=\"b29d975\" data-element_type=\"container\" data-settings=\"{&quot;background_background&quot;:&quot;classic&quot;}\">\n\t\t\t\t<\/div>\n\t\t<div class=\"elementor-element elementor-element-67ead6c e-con-full e-flex e-con e-child\" data-id=\"67ead6c\" data-element_type=\"container\" data-settings=\"{&quot;background_background&quot;:&quot;classic&quot;}\">\n\t\t\t\t<\/div>\n\t\t\t\t<\/div>\n\t\t\t\t<\/div>\n\t\t\t\t\t<\/div>\n\t\t\t\t<\/div>\n\t\t<div class=\"elementor-element elementor-element-71ef382 e-flex e-con-boxed e-con e-parent\" data-id=\"71ef382\" data-element_type=\"container\" data-settings=\"{&quot;background_background&quot;:&quot;classic&quot;}\">\n\t\t\t\t\t<div class=\"e-con-inner\">\n\t\t\t\t<div class=\"elementor-element elementor-element-94d997c elementor-invisible elementor-widget elementor-widget-heading\" data-id=\"94d997c\" data-element_type=\"widget\" data-settings=\"{&quot;_animation&quot;:&quot;fadeIn&quot;}\" data-widget_type=\"heading.default\">\n\t\t\t\t\t<h3 class=\"elementor-heading-title elementor-size-default\">Nos engagements<\/h3>\t\t\t\t<\/div>\n\t\t\t\t<div class=\"elementor-element elementor-element-3fad33b elementor-widget elementor-widget-image\" data-id=\"3fad33b\" data-element_type=\"widget\" data-widget_type=\"image.default\">\n\t\t\t\t\t\t\t\t\t\t\t\t\t\t\t<img decoding=\"async\" width=\"145\" height=\"17\" src=\"https:\/\/www.1.laboratoire-achroma.fr\/ks\/wp-content\/uploads\/2025\/07\/1Fichier-9@72x.webp\" class=\"attachment-large size-large wp-image-29\" alt=\"\" \/>\t\t\t\t\t\t\t\t\t\t\t\t\t\t\t<\/div>\n\t\t<div class=\"elementor-element elementor-element-0955cd4 e-grid e-con-full e-con e-child\" data-id=\"0955cd4\" data-element_type=\"container\">\n\t\t<div class=\"elementor-element elementor-element-f8f0ed9 e-con-full e-flex elementor-invisible e-con e-child\" data-id=\"f8f0ed9\" data-element_type=\"container\" data-settings=\"{&quot;animation&quot;:&quot;fadeIn&quot;}\">\n\t\t\t\t<div class=\"elementor-element elementor-element-e2cebc2 elementor-widget elementor-widget-image\" data-id=\"e2cebc2\" data-element_type=\"widget\" data-widget_type=\"image.default\">\n\t\t\t\t\t\t\t\t\t\t\t\t\t\t\t<img decoding=\"async\" width=\"116\" height=\"71\" src=\"https:\/\/www.1.laboratoire-achroma.fr\/ks\/wp-content\/uploads\/2025\/07\/1Fichier-42@72x.webp\" class=\"attachment-large size-large wp-image-60\" alt=\"\" \/>\t\t\t\t\t\t\t\t\t\t\t\t\t\t\t<\/div>\n\t\t\t\t<div class=\"elementor-element elementor-element-3d12c04 elementor-widget elementor-widget-heading\" data-id=\"3d12c04\" data-element_type=\"widget\" data-widget_type=\"heading.default\">\n\t\t\t\t\t<h2 class=\"elementor-heading-title elementor-size-default\">R\u00e9activit\u00e9<\/h2>\t\t\t\t<\/div>\n\t\t\t\t<div class=\"elementor-element elementor-element-fed3aab elementor-widget elementor-widget-text-editor\" data-id=\"fed3aab\" data-element_type=\"widget\" data-widget_type=\"text-editor.default\">\n\t\t\t\t\t\t\t\t\t<p>Une capacit\u00e9 d\u2019intervention rapide sur alarme, de jour comme de nuit.<\/p>\t\t\t\t\t\t\t\t<\/div>\n\t\t\t\t<\/div>\n\t\t<div class=\"elementor-element elementor-element-b132569 e-con-full e-flex elementor-invisible e-con e-child\" data-id=\"b132569\" data-element_type=\"container\" data-settings=\"{&quot;animation&quot;:&quot;fadeIn&quot;}\">\n\t\t\t\t<div class=\"elementor-element elementor-element-521c2dc elementor-widget elementor-widget-image\" data-id=\"521c2dc\" data-element_type=\"widget\" data-widget_type=\"image.default\">\n\t\t\t\t\t\t\t\t\t\t\t\t\t\t\t<img decoding=\"async\" width=\"112\" height=\"66\" src=\"https:\/\/www.1.laboratoire-achroma.fr\/ks\/wp-content\/uploads\/2025\/07\/1Fichier-43@72x.webp\" class=\"attachment-large size-large wp-image-61\" alt=\"\" \/>\t\t\t\t\t\t\t\t\t\t\t\t\t\t\t<\/div>\n\t\t\t\t<div class=\"elementor-element elementor-element-402f994 elementor-widget elementor-widget-heading\" data-id=\"402f994\" data-element_type=\"widget\" data-widget_type=\"heading.default\">\n\t\t\t\t\t<h2 class=\"elementor-heading-title elementor-size-default\">Discr\u00e9tion<\/h2>\t\t\t\t<\/div>\n\t\t\t\t<div class=\"elementor-element elementor-element-18824c1 elementor-widget elementor-widget-text-editor\" data-id=\"18824c1\" data-element_type=\"widget\" data-widget_type=\"text-editor.default\">\n\t\t\t\t\t\t\t\t\t<p>Un professionnalisme constant, avec des agents form\u00e9s \u00e0 la confidentialit\u00e9.<\/p>\t\t\t\t\t\t\t\t<\/div>\n\t\t\t\t<\/div>\n\t\t<div class=\"elementor-element elementor-element-00f73ce e-con-full e-flex elementor-invisible e-con e-child\" data-id=\"00f73ce\" data-element_type=\"container\" data-settings=\"{&quot;animation&quot;:&quot;fadeIn&quot;}\">\n\t\t\t\t<div class=\"elementor-element elementor-element-a174a39 elementor-widget elementor-widget-image\" data-id=\"a174a39\" data-element_type=\"widget\" data-widget_type=\"image.default\">\n\t\t\t\t\t\t\t\t\t\t\t\t\t\t\t<img loading=\"lazy\" decoding=\"async\" width=\"112\" height=\"71\" src=\"https:\/\/www.1.laboratoire-achroma.fr\/ks\/wp-content\/uploads\/2025\/07\/1Fichier-44@72x.webp\" class=\"attachment-large size-large wp-image-62\" alt=\"\" \/>\t\t\t\t\t\t\t\t\t\t\t\t\t\t\t<\/div>\n\t\t\t\t<div class=\"elementor-element elementor-element-ca811ed elementor-widget elementor-widget-heading\" data-id=\"ca811ed\" data-element_type=\"widget\" data-widget_type=\"heading.default\">\n\t\t\t\t\t<h2 class=\"elementor-heading-title elementor-size-default\">Confiance<\/h2>\t\t\t\t<\/div>\n\t\t\t\t<div class=\"elementor-element elementor-element-7e56602 elementor-widget elementor-widget-text-editor\" data-id=\"7e56602\" data-element_type=\"widget\" data-widget_type=\"text-editor.default\">\n\t\t\t\t\t\t\t\t\t<p>Des partenariats durables fond\u00e9s sur la transparence et le s\u00e9rieux.<\/p>\t\t\t\t\t\t\t\t<\/div>\n\t\t\t\t<\/div>\n\t\t<div class=\"elementor-element elementor-element-b0a7ddc e-con-full e-flex elementor-invisible e-con e-child\" data-id=\"b0a7ddc\" data-element_type=\"container\" data-settings=\"{&quot;animation&quot;:&quot;fadeIn&quot;}\">\n\t\t\t\t<div class=\"elementor-element elementor-element-647931f elementor-widget elementor-widget-image\" data-id=\"647931f\" data-element_type=\"widget\" data-widget_type=\"image.default\">\n\t\t\t\t\t\t\t\t\t\t\t\t\t\t\t<img loading=\"lazy\" decoding=\"async\" width=\"113\" height=\"68\" src=\"https:\/\/www.1.laboratoire-achroma.fr\/ks\/wp-content\/uploads\/2025\/07\/1Fichier-45@72x.webp\" class=\"attachment-large size-large wp-image-63\" alt=\"\" \/>\t\t\t\t\t\t\t\t\t\t\t\t\t\t\t<\/div>\n\t\t\t\t<div class=\"elementor-element elementor-element-edf8867 elementor-widget elementor-widget-heading\" data-id=\"edf8867\" data-element_type=\"widget\" data-widget_type=\"heading.default\">\n\t\t\t\t\t<h2 class=\"elementor-heading-title elementor-size-default\">Proximit\u00e9<\/h2>\t\t\t\t<\/div>\n\t\t\t\t<div class=\"elementor-element elementor-element-f96a6ce elementor-widget elementor-widget-text-editor\" data-id=\"f96a6ce\" data-element_type=\"widget\" data-widget_type=\"text-editor.default\">\n\t\t\t\t\t\t\t\t\t<p>Une parfaite connaissance du territoire et des besoins locaux.<\/p>\t\t\t\t\t\t\t\t<\/div>\n\t\t\t\t<\/div>\n\t\t\t\t<\/div>\n\t\t\t\t\t<\/div>\n\t\t\t\t<\/div>\n\t\t<div class=\"elementor-element elementor-element-d7b94b3 e-grid e-con-boxed e-con e-parent\" data-id=\"d7b94b3\" data-element_type=\"container\" data-settings=\"{&quot;background_background&quot;:&quot;classic&quot;}\">\n\t\t\t\t\t<div class=\"e-con-inner\">\n\t\t<div class=\"elementor-element elementor-element-ccf8756 e-con-full e-flex e-con e-child\" data-id=\"ccf8756\" data-element_type=\"container\">\n\t\t\t\t<div class=\"elementor-element elementor-element-2d9e766 elementor-invisible elementor-widget elementor-widget-heading\" data-id=\"2d9e766\" data-element_type=\"widget\" data-settings=\"{&quot;_animation&quot;:&quot;fadeIn&quot;}\" data-widget_type=\"heading.default\">\n\t\t\t\t\t<h2 class=\"elementor-heading-title elementor-size-default\">Une \u00e9quipe \u00e0 taille humaine<\/h2>\t\t\t\t<\/div>\n\t\t\t\t<div class=\"elementor-element elementor-element-70961f2 elementor-widget elementor-widget-image\" data-id=\"70961f2\" data-element_type=\"widget\" data-widget_type=\"image.default\">\n\t\t\t\t\t\t\t\t\t\t\t\t\t\t\t<img decoding=\"async\" width=\"145\" height=\"17\" src=\"https:\/\/www.1.laboratoire-achroma.fr\/ks\/wp-content\/uploads\/2025\/07\/1Fichier-9@72x.webp\" class=\"attachment-large size-large wp-image-29\" alt=\"\" \/>\t\t\t\t\t\t\t\t\t\t\t\t\t\t\t<\/div>\n\t\t\t\t<div class=\"elementor-element elementor-element-11fb189 elementor-invisible elementor-widget elementor-widget-text-editor\" data-id=\"11fb189\" data-element_type=\"widget\" data-settings=\"{&quot;_animation&quot;:&quot;fadeIn&quot;}\" data-widget_type=\"text-editor.default\">\n\t\t\t\t\t\t\t\t\t<p>Chez KS S\u00e9curit\u00e9, nous croyons \u00e0 l\u2019importance de la relation humaine dans la s\u00e9curit\u00e9. Nos agents sont tous certifi\u00e9s, exp\u00e9riment\u00e9s et b\u00e9n\u00e9ficient de formations r\u00e9guli\u00e8res pour rester \u00e0 jour face aux nouveaux enjeux de s\u00fbret\u00e9.<\/p><p>\u00a0<\/p><p><strong>Nous cultivons un esprit d\u2019\u00e9quipe et une rigueur de terrain qui font toute la diff\u00e9rence.<\/strong><\/p>\t\t\t\t\t\t\t\t<\/div>\n\t\t\t\t<\/div>\n\t\t<div class=\"elementor-element elementor-element-9cbde5f e-con-full e-flex e-con e-child\" data-id=\"9cbde5f\" data-element_type=\"container\">\n\t\t<div class=\"elementor-element elementor-element-392a736 e-con-full e-flex e-con e-child\" data-id=\"392a736\" data-element_type=\"container\" data-settings=\"{&quot;background_background&quot;:&quot;classic&quot;}\">\n\t\t\t\t<\/div>\n\t\t<div class=\"elementor-element elementor-element-5cb505f e-con-full e-flex e-con e-child\" data-id=\"5cb505f\" data-element_type=\"container\" data-settings=\"{&quot;background_background&quot;:&quot;classic&quot;}\">\n\t\t<div class=\"elementor-element elementor-element-cce07d5 e-con-full e-flex e-con e-child\" data-id=\"cce07d5\" data-element_type=\"container\" data-settings=\"{&quot;background_background&quot;:&quot;classic&quot;}\">\n\t\t\t\t<\/div>\n\t\t<div class=\"elementor-element elementor-element-60bd69e e-con-full e-flex e-con e-child\" data-id=\"60bd69e\" data-element_type=\"container\" data-settings=\"{&quot;background_background&quot;:&quot;classic&quot;}\">\n\t\t\t\t<\/div>\n\t\t\t\t<\/div>\n\t\t\t\t<\/div>\n\t\t\t\t\t<\/div>\n\t\t\t\t<\/div>\n\t\t<div class=\"elementor-element elementor-element-3d4be37 e-flex e-con-boxed e-con e-parent\" data-id=\"3d4be37\" data-element_type=\"container\" data-settings=\"{&quot;background_background&quot;:&quot;gradient&quot;}\">\n\t\t\t\t\t<div class=\"e-con-inner\">\n\t\t\t\t<div class=\"elementor-element elementor-element-c81d162 elementor-invisible elementor-widget elementor-widget-heading\" data-id=\"c81d162\" data-element_type=\"widget\" data-settings=\"{&quot;_animation&quot;:&quot;fadeIn&quot;}\" data-widget_type=\"heading.default\">\n\t\t\t\t\t<h2 class=\"elementor-heading-title elementor-size-default\">Besoin d\u2019une s\u00e9curit\u00e9 fiable ?<\/h2>\t\t\t\t<\/div>\n\t\t\t\t<div class=\"elementor-element elementor-element-f0da8e0 elementor-widget elementor-widget-image\" data-id=\"f0da8e0\" data-element_type=\"widget\" data-widget_type=\"image.default\">\n\t\t\t\t\t\t\t\t\t\t\t\t\t\t\t<img decoding=\"async\" width=\"145\" height=\"17\" src=\"https:\/\/www.1.laboratoire-achroma.fr\/ks\/wp-content\/uploads\/2025\/07\/1Fichier-9@72x.webp\" class=\"attachment-large size-large wp-image-29\" alt=\"\" \/>\t\t\t\t\t\t\t\t\t\t\t\t\t\t\t<\/div>\n\t\t\t\t<div class=\"elementor-element elementor-element-7f58fe8 elementor-align-center elementor-widget elementor-widget-button\" data-id=\"7f58fe8\" data-element_type=\"widget\" data-widget_type=\"button.default\">\n\t\t\t\t\t\t\t\t\t\t<a class=\"elementor-button elementor-button-link elementor-size-sm\" href=\"#\">\n\t\t\t\t\t\t<span class=\"elementor-button-content-wrapper\">\n\t\t\t\t\t\t\t\t\t<span class=\"elementor-button-text\">Contactez-nous<\/span>\n\t\t\t\t\t<\/span>\n\t\t\t\t\t<\/a>\n\t\t\t\t\t\t\t\t<\/div>\n\t\t\t\t\t<\/div>\n\t\t\t\t<\/div>\n\t\t\t\t<\/div>\n\t\t","protected":false},"excerpt":{"rendered":"<p>Votre partenaire s\u00e9curit\u00e9, implant\u00e9 au coeur du Lot Bas\u00e9e \u00e0 Cahors, notre entreprise met \u00e0 disposition des agents qualifi\u00e9s et r\u00e9actifs, disponibles 24h\/24 et 7j\/7, pour r\u00e9pondre aux besoins de s\u00e9curit\u00e9 des professionnels, des collectivit\u00e9s et des particuliers. Demandez votre devis Notre mission Qu\u2019il s\u2019agisse d\u2019intervenir sur alarme, d\u2019assurer des rondes, le contr\u00f4le d\u2019acc\u00e8s ou [&hellip;]<\/p>\n","protected":false},"author":1,"featured_media":0,"parent":0,"menu_order":0,"comment_status":"closed","ping_status":"closed","template":"elementor_header_footer","meta":{"_acf_changed":false,"footnotes":""},"class_list":["post-372","page","type-page","status-publish","hentry"],"acf":[],"_links":{"self":[{"href":"https:\/\/www.1.laboratoire-achroma.fr\/ks\/index.php\/wp-json\/wp\/v2\/pages\/372","targetHints":{"allow":["GET"]}}],"collection":[{"href":"https:\/\/www.1.laboratoire-achroma.fr\/ks\/index.php\/wp-json\/wp\/v2\/pages"}],"about":[{"href":"https:\/\/www.1.laboratoire-achroma.fr\/ks\/index.php\/wp-json\/wp\/v2\/types\/page"}],"author":[{"embeddable":true,"href":"https:\/\/www.1.laboratoire-achroma.fr\/ks\/index.php\/wp-json\/wp\/v2\/users\/1"}],"replies":[{"embeddable":true,"href":"https:\/\/www.1.laboratoire-achroma.fr\/ks\/index.php\/wp-json\/wp\/v2\/comments?post=372"}],"version-history":[{"count":25,"href":"https:\/\/www.1.laboratoire-achroma.fr\/ks\/index.php\/wp-json\/wp\/v2\/pages\/372\/revisions"}],"predecessor-version":[{"id":438,"href":"https:\/\/www.1.laboratoire-achroma.fr\/ks\/index.php\/wp-json\/wp\/v2\/pages\/372\/revisions\/438"}],"wp:attachment":[{"href":"https:\/\/www.1.laboratoire-achroma.fr\/ks\/index.php\/wp-json\/wp\/v2\/media?parent=372"}],"curies":[{"name":"wp","href":"https:\/\/api.w.org\/{rel}","templated":true}]}}