{"id":358,"date":"2025-07-15T16:03:27","date_gmt":"2025-07-15T16:03:27","guid":{"rendered":"http:\/\/www.1.laboratoire-achroma.fr\/ks\/?page_id=358"},"modified":"2025-07-16T14:01:39","modified_gmt":"2025-07-16T14:01:39","slug":"actualites","status":"publish","type":"page","link":"https:\/\/www.1.laboratoire-achroma.fr\/ks\/index.php\/actualites\/","title":{"rendered":"Actualit\u00e9s"},"content":{"rendered":"\t\t<div data-elementor-type=\"wp-page\" data-elementor-id=\"358\" class=\"elementor elementor-358\" data-elementor-post-type=\"page\">\n\t\t\t\t<div class=\"elementor-element elementor-element-c0c7cbb e-flex e-con-boxed e-con e-parent\" data-id=\"c0c7cbb\" data-element_type=\"container\" data-settings=\"{&quot;background_background&quot;:&quot;classic&quot;}\">\n\t\t\t\t\t<div class=\"e-con-inner\">\n\t\t\t\t\t<\/div>\n\t\t\t\t<\/div>\n\t\t<div class=\"elementor-element elementor-element-94bd9e1 e-flex e-con-boxed e-con e-parent\" data-id=\"94bd9e1\" data-element_type=\"container\" data-settings=\"{&quot;background_background&quot;:&quot;classic&quot;}\">\n\t\t\t\t\t<div class=\"e-con-inner\">\n\t\t\t\t<div class=\"elementor-element elementor-element-7e89543 elementor-widget__width-initial elementor-widget elementor-widget-heading\" data-id=\"7e89543\" data-element_type=\"widget\" data-widget_type=\"heading.default\">\n\t\t\t\t\t<h1 class=\"elementor-heading-title elementor-size-default\">Nos derni\u00e8res\ninterventions<\/h1>\t\t\t\t<\/div>\n\t\t\t\t<div class=\"elementor-element elementor-element-a4f32c9 elementor-widget__width-initial elementor-widget elementor-widget-heading\" data-id=\"a4f32c9\" data-element_type=\"widget\" data-widget_type=\"heading.default\">\n\t\t\t\t\t<h2 class=\"elementor-heading-title elementor-size-default\">Retrouvez ici un aper\u00e7u des missions r\u00e9centes r\u00e9alis\u00e9es par nos \u00e9quipes sur le terrain. Chaque intervention t\u00e9moigne de notre engagement \u00e0 assurer votre s\u00e9curit\u00e9 avec professionnalisme et r\u00e9activit\u00e9.<\/h2>\t\t\t\t<\/div>\n\t\t<div class=\"elementor-element elementor-element-b2832cd e-con-full e-flex e-con e-child\" data-id=\"b2832cd\" data-element_type=\"container\">\n\t\t\t\t<div class=\"elementor-element elementor-element-031d522 elementor-widget elementor-widget-button\" data-id=\"031d522\" data-element_type=\"widget\" data-widget_type=\"button.default\">\n\t\t\t\t\t\t\t\t\t\t<a class=\"elementor-button elementor-button-link elementor-size-sm\" href=\"http:\/\/www.1.laboratoire-achroma.fr\/ks\/index.php\/contact\/\">\n\t\t\t\t\t\t<span class=\"elementor-button-content-wrapper\">\n\t\t\t\t\t\t\t\t\t<span class=\"elementor-button-text\">Demandez votre devis<\/span>\n\t\t\t\t\t<\/span>\n\t\t\t\t\t<\/a>\n\t\t\t\t\t\t\t\t<\/div>\n\t\t\t\t<\/div>\n\t\t\t\t\t<\/div>\n\t\t\t\t<\/div>\n\t\t<div class=\"elementor-element elementor-element-49f4149 e-flex e-con-boxed e-con e-parent\" data-id=\"49f4149\" data-element_type=\"container\" data-settings=\"{&quot;background_background&quot;:&quot;classic&quot;}\">\n\t\t\t\t\t<div class=\"e-con-inner\">\n\t\t\t\t<div class=\"elementor-element elementor-element-6d87396 elementor-grid-4 elementor-grid-tablet-2 elementor-grid-mobile-1 elementor-widget elementor-widget-loop-grid\" data-id=\"6d87396\" data-element_type=\"widget\" data-settings=\"{&quot;template_id&quot;:129,&quot;columns&quot;:4,&quot;_skin&quot;:&quot;post&quot;,&quot;columns_tablet&quot;:&quot;2&quot;,&quot;columns_mobile&quot;:&quot;1&quot;,&quot;edit_handle_selector&quot;:&quot;[data-elementor-type=\\&quot;loop-item\\&quot;]&quot;,&quot;row_gap&quot;:{&quot;unit&quot;:&quot;px&quot;,&quot;size&quot;:&quot;&quot;,&quot;sizes&quot;:[]},&quot;row_gap_tablet&quot;:{&quot;unit&quot;:&quot;px&quot;,&quot;size&quot;:&quot;&quot;,&quot;sizes&quot;:[]},&quot;row_gap_mobile&quot;:{&quot;unit&quot;:&quot;px&quot;,&quot;size&quot;:&quot;&quot;,&quot;sizes&quot;:[]}}\" data-widget_type=\"loop-grid.post\">\n\t\t\t\t\t\t\t<div class=\"elementor-loop-container elementor-grid\" role=\"list\">\n\t\t<style id=\"loop-dynamic-129\">.e-loop-item-182 .elementor-element.elementor-element-c24d5b8:not(.elementor-motion-effects-element-type-background), .e-loop-item-182 .elementor-element.elementor-element-c24d5b8 > .elementor-motion-effects-container > .elementor-motion-effects-layer{background-image:url(\"https:\/\/www.1.laboratoire-achroma.fr\/ks\/wp-content\/uploads\/2025\/07\/1Fichier-20@72x.webp\");}<\/style><style id=\"loop-129\">.elementor-129 .elementor-element.elementor-element-da90eef{--display:flex;--flex-direction:column;--container-widget-width:100%;--container-widget-height:initial;--container-widget-flex-grow:0;--container-widget-align-self:initial;--flex-wrap-mobile:wrap;--margin-top:0px;--margin-bottom:0px;--margin-left:0px;--margin-right:0px;--padding-top:0px;--padding-bottom:0px;--padding-left:0px;--padding-right:0px;}.elementor-129 .elementor-element.elementor-element-c24d5b8{--display:flex;--border-radius:18px 18px 18px 18px;--margin-top:0px;--margin-bottom:0px;--margin-left:0px;--margin-right:0px;--padding-top:0px;--padding-bottom:0px;--padding-left:0px;--padding-right:0px;}.elementor-129 .elementor-element.elementor-element-c24d5b8:not(.elementor-motion-effects-element-type-background), .elementor-129 .elementor-element.elementor-element-c24d5b8 > .elementor-motion-effects-container > .elementor-motion-effects-layer{background-position:center center;background-repeat:no-repeat;background-size:cover;}.elementor-widget-heading .elementor-heading-title{font-family:var( --e-global-typography-primary-font-family ), Sans-serif;font-size:var( --e-global-typography-primary-font-size );font-weight:var( --e-global-typography-primary-font-weight );font-style:var( --e-global-typography-primary-font-style );color:var( --e-global-color-primary );}.elementor-129 .elementor-element.elementor-element-e997852 .elementor-heading-title{font-family:var( --e-global-typography-bb901ea-font-family ), Sans-serif;font-size:var( --e-global-typography-bb901ea-font-size );font-weight:var( --e-global-typography-bb901ea-font-weight );font-style:var( --e-global-typography-bb901ea-font-style );}.elementor-widget-text-editor{font-family:var( --e-global-typography-text-font-family ), Sans-serif;font-size:var( --e-global-typography-text-font-size );font-weight:var( --e-global-typography-text-font-weight );font-style:var( --e-global-typography-text-font-style );color:var( --e-global-color-text );}.elementor-widget-text-editor.elementor-drop-cap-view-stacked .elementor-drop-cap{background-color:var( --e-global-color-primary );}.elementor-widget-text-editor.elementor-drop-cap-view-framed .elementor-drop-cap, .elementor-widget-text-editor.elementor-drop-cap-view-default .elementor-drop-cap{color:var( --e-global-color-primary );border-color:var( --e-global-color-primary );}.elementor-129 .elementor-element.elementor-element-f6a77b4{font-family:var( --e-global-typography-b9b5030-font-family ), Sans-serif;font-size:var( --e-global-typography-b9b5030-font-size );font-weight:var( --e-global-typography-b9b5030-font-weight );font-style:var( --e-global-typography-b9b5030-font-style );color:var( --e-global-color-primary );}@media(min-width:768px){.elementor-129 .elementor-element.elementor-element-c24d5b8{--width:100%;}}@media(max-width:1024px){.elementor-widget-heading .elementor-heading-title{font-size:var( --e-global-typography-primary-font-size );}.elementor-129 .elementor-element.elementor-element-e997852 .elementor-heading-title{font-size:var( --e-global-typography-bb901ea-font-size );}.elementor-widget-text-editor{font-size:var( --e-global-typography-text-font-size );}.elementor-129 .elementor-element.elementor-element-f6a77b4{font-size:var( --e-global-typography-b9b5030-font-size );}}@media(max-width:767px){.elementor-widget-heading .elementor-heading-title{font-size:var( --e-global-typography-primary-font-size );}.elementor-129 .elementor-element.elementor-element-e997852 .elementor-heading-title{font-size:var( --e-global-typography-bb901ea-font-size );}.elementor-widget-text-editor{font-size:var( --e-global-typography-text-font-size );}.elementor-129 .elementor-element.elementor-element-f6a77b4{font-size:var( --e-global-typography-b9b5030-font-size );}}\/* Start custom CSS for container, class: .elementor-element-c24d5b8 *\/.elementor-129 .elementor-element.elementor-element-c24d5b8 {\r\n  aspect-ratio: 1 \/ 1;\r\n  \r\n  height: auto;\r\n}\/* End custom CSS *\/<\/style>\t\t<div data-elementor-type=\"loop-item\" data-elementor-id=\"129\" class=\"elementor elementor-129 e-loop-item e-loop-item-182 post-182 nos_dernieres_interv type-nos_dernieres_interv status-publish hentry\" data-elementor-post-type=\"elementor_library\" data-custom-edit-handle=\"1\">\n\t\t\t<div class=\"elementor-element elementor-element-da90eef e-flex e-con-boxed e-con e-parent\" data-id=\"da90eef\" data-element_type=\"container\">\n\t\t\t\t\t<div class=\"e-con-inner\">\n\t\t<div class=\"elementor-element elementor-element-c24d5b8 e-con-full e-flex e-con e-child\" data-id=\"c24d5b8\" data-element_type=\"container\" data-settings=\"{&quot;background_background&quot;:&quot;classic&quot;}\">\n\t\t\t\t<\/div>\n\t\t\t\t<div class=\"elementor-element elementor-element-e997852 elementor-widget elementor-widget-heading\" data-id=\"e997852\" data-element_type=\"widget\" data-widget_type=\"heading.default\">\n\t\t\t\t\t<h2 class=\"elementor-heading-title elementor-size-default\">F\u00eate de Bordeaux<\/h2>\t\t\t\t<\/div>\n\t\t\t\t<div class=\"elementor-element elementor-element-f6a77b4 elementor-widget elementor-widget-text-editor\" data-id=\"f6a77b4\" data-element_type=\"widget\" data-widget_type=\"text-editor.default\">\n\t\t\t\t\t\t\t\t\tPr\u00e9sente \u00e0 la Foire aux Plaisirs de Bordeaux, l\u2019\u00e9quipe de KS S\u00e9curit\u00e9 a veill\u00e9 \u00e0 la tranquillit\u00e9 des visiteurs et des forains tout au long de l\u2019\u00e9v\u00e9nement. Elle a \u00e9galement assur\u00e9 la s\u00e9curisation de la soir\u00e9e caritative en contr\u00f4lant les acc\u00e8s.\t\t\t\t\t\t\t\t<\/div>\n\t\t\t\t\t<\/div>\n\t\t\t\t<\/div>\n\t\t\t\t<\/div>\n\t\t<style id=\"loop-dynamic-129\">.e-loop-item-181 .elementor-element.elementor-element-c24d5b8:not(.elementor-motion-effects-element-type-background), .e-loop-item-181 .elementor-element.elementor-element-c24d5b8 > .elementor-motion-effects-container > .elementor-motion-effects-layer{background-image:url(\"https:\/\/www.1.laboratoire-achroma.fr\/ks\/wp-content\/uploads\/2025\/07\/1Fichier-21@72x.webp\");}<\/style>\t\t<div data-elementor-type=\"loop-item\" data-elementor-id=\"129\" class=\"elementor elementor-129 e-loop-item e-loop-item-181 post-181 nos_dernieres_interv type-nos_dernieres_interv status-publish hentry\" data-elementor-post-type=\"elementor_library\" data-custom-edit-handle=\"1\">\n\t\t\t<div class=\"elementor-element elementor-element-da90eef e-flex e-con-boxed e-con e-parent\" data-id=\"da90eef\" data-element_type=\"container\">\n\t\t\t\t\t<div class=\"e-con-inner\">\n\t\t<div class=\"elementor-element elementor-element-c24d5b8 e-con-full e-flex e-con e-child\" data-id=\"c24d5b8\" data-element_type=\"container\" data-settings=\"{&quot;background_background&quot;:&quot;classic&quot;}\">\n\t\t\t\t<\/div>\n\t\t\t\t<div class=\"elementor-element elementor-element-e997852 elementor-widget elementor-widget-heading\" data-id=\"e997852\" data-element_type=\"widget\" data-widget_type=\"heading.default\">\n\t\t\t\t\t<h2 class=\"elementor-heading-title elementor-size-default\">Festival Lot en MeuleBleue<\/h2>\t\t\t\t<\/div>\n\t\t\t\t<div class=\"elementor-element elementor-element-f6a77b4 elementor-widget elementor-widget-text-editor\" data-id=\"f6a77b4\" data-element_type=\"widget\" data-widget_type=\"text-editor.default\">\n\t\t\t\t\t\t\t\t\t\u00c0 l&rsquo;occasion du concert \u00e9v\u00e9nement \u00e0 Cahors r\u00e9unissant Black M, Grand Corps Malade, Hoshi, Tibz, Les Meubles Bleu et bien d&rsquo;autres, KS S\u00e9curit\u00e9 a d\u00e9ploy\u00e9 ses \u00e9quipes pour encadrer le public et garantir le bon d\u00e9roulement du spectacle. Une pr\u00e9sence professionnelle et discr\u00e8te pour un festival plac\u00e9 sous le signe de la f\u00eate et de la s\u00e9curit\u00e9.\t\t\t\t\t\t\t\t<\/div>\n\t\t\t\t\t<\/div>\n\t\t\t\t<\/div>\n\t\t\t\t<\/div>\n\t\t<style id=\"loop-dynamic-129\">.e-loop-item-180 .elementor-element.elementor-element-c24d5b8:not(.elementor-motion-effects-element-type-background), .e-loop-item-180 .elementor-element.elementor-element-c24d5b8 > .elementor-motion-effects-container > .elementor-motion-effects-layer{background-image:url(\"https:\/\/www.1.laboratoire-achroma.fr\/ks\/wp-content\/uploads\/2025\/07\/1Fichier-22@72x.webp\");}<\/style>\t\t<div data-elementor-type=\"loop-item\" data-elementor-id=\"129\" class=\"elementor elementor-129 e-loop-item e-loop-item-180 post-180 nos_dernieres_interv type-nos_dernieres_interv status-publish hentry\" data-elementor-post-type=\"elementor_library\" data-custom-edit-handle=\"1\">\n\t\t\t<div class=\"elementor-element elementor-element-da90eef e-flex e-con-boxed e-con e-parent\" data-id=\"da90eef\" data-element_type=\"container\">\n\t\t\t\t\t<div class=\"e-con-inner\">\n\t\t<div class=\"elementor-element elementor-element-c24d5b8 e-con-full e-flex e-con e-child\" data-id=\"c24d5b8\" data-element_type=\"container\" data-settings=\"{&quot;background_background&quot;:&quot;classic&quot;}\">\n\t\t\t\t<\/div>\n\t\t\t\t<div class=\"elementor-element elementor-element-e997852 elementor-widget elementor-widget-heading\" data-id=\"e997852\" data-element_type=\"widget\" data-widget_type=\"heading.default\">\n\t\t\t\t\t<h2 class=\"elementor-heading-title elementor-size-default\">Cahors Blues Festival<\/h2>\t\t\t\t<\/div>\n\t\t\t\t<div class=\"elementor-element elementor-element-f6a77b4 elementor-widget elementor-widget-text-editor\" data-id=\"f6a77b4\" data-element_type=\"widget\" data-widget_type=\"text-editor.default\">\n\t\t\t\t\t\t\t\t\tPr\u00e9sente au coeur du Festival de Blues de Cahors, l\u2019\u00e9quipe de KS S\u00e9curit\u00e9 a assur\u00e9 la surveillance et la tranquillit\u00e9 des festivaliers tout au long de l\u2019\u00e9v\u00e9nement. Une mission men\u00e9e avec s\u00e9rieux par des agents exp\u00e9riment\u00e9s dans une ambiance conviviale et musicale.\t\t\t\t\t\t\t\t<\/div>\n\t\t\t\t\t<\/div>\n\t\t\t\t<\/div>\n\t\t\t\t<\/div>\n\t\t<style id=\"loop-dynamic-129\">.e-loop-item-152 .elementor-element.elementor-element-c24d5b8:not(.elementor-motion-effects-element-type-background), .e-loop-item-152 .elementor-element.elementor-element-c24d5b8 > .elementor-motion-effects-container > .elementor-motion-effects-layer{background-image:url(\"https:\/\/www.1.laboratoire-achroma.fr\/ks\/wp-content\/uploads\/2025\/07\/1Fichier-23@72x.webp\");}<\/style>\t\t<div data-elementor-type=\"loop-item\" data-elementor-id=\"129\" class=\"elementor elementor-129 e-loop-item e-loop-item-152 post-152 nos_dernieres_interv type-nos_dernieres_interv status-publish hentry\" data-elementor-post-type=\"elementor_library\" data-custom-edit-handle=\"1\">\n\t\t\t<div class=\"elementor-element elementor-element-da90eef e-flex e-con-boxed e-con e-parent\" data-id=\"da90eef\" data-element_type=\"container\">\n\t\t\t\t\t<div class=\"e-con-inner\">\n\t\t<div class=\"elementor-element elementor-element-c24d5b8 e-con-full e-flex e-con e-child\" data-id=\"c24d5b8\" data-element_type=\"container\" data-settings=\"{&quot;background_background&quot;:&quot;classic&quot;}\">\n\t\t\t\t<\/div>\n\t\t\t\t<div class=\"elementor-element elementor-element-e997852 elementor-widget elementor-widget-heading\" data-id=\"e997852\" data-element_type=\"widget\" data-widget_type=\"heading.default\">\n\t\t\t\t\t<h2 class=\"elementor-heading-title elementor-size-default\">S\u00e9curit\u00e9 \u00e0 la Vogue des Marrons \u00e0 Lyon<\/h2>\t\t\t\t<\/div>\n\t\t\t\t<div class=\"elementor-element elementor-element-f6a77b4 elementor-widget elementor-widget-text-editor\" data-id=\"f6a77b4\" data-element_type=\"widget\" data-widget_type=\"text-editor.default\">\n\t\t\t\t\t\t\t\t\t\u00c0 l\u2019occasion de la c\u00e9l\u00e8bre f\u00eate foraine de la Vogue des Marrons \u00e0 Lyon, KS S\u00e9curit\u00e9 a assur\u00e9 une pr\u00e9sence constante pour veiller \u00e0 la s\u00e9curit\u00e9 du public et des professionnels. Une \u00e9quipe mobilis\u00e9e et vigilante au c\u0153ur de l\u2019un des \u00e9v\u00e9nements festifs les plus embl\u00e9matiques de la ville.\t\t\t\t\t\t\t\t<\/div>\n\t\t\t\t\t<\/div>\n\t\t\t\t<\/div>\n\t\t\t\t<\/div>\n\t\t\t\t<\/div>\n\t\t\n\t\t\t\t\t\t<\/div>\n\t\t\t\t\t<\/div>\n\t\t\t\t<\/div>\n\t\t<div class=\"elementor-element elementor-element-f935df2 e-flex e-con-boxed e-con e-parent\" data-id=\"f935df2\" data-element_type=\"container\" data-settings=\"{&quot;background_background&quot;:&quot;classic&quot;}\">\n\t\t\t\t\t<div class=\"e-con-inner\">\n\t\t\t\t<div class=\"elementor-element elementor-element-bf1bb3b elementor-invisible elementor-widget elementor-widget-heading\" data-id=\"bf1bb3b\" data-element_type=\"widget\" data-settings=\"{&quot;_animation&quot;:&quot;fadeIn&quot;}\" data-widget_type=\"heading.default\">\n\t\t\t\t\t<h3 class=\"elementor-heading-title elementor-size-default\">Quel que soit votre secteur<\/h3>\t\t\t\t<\/div>\n\t\t\t\t<div class=\"elementor-element elementor-element-b3693de elementor-widget elementor-widget-image\" data-id=\"b3693de\" data-element_type=\"widget\" data-widget_type=\"image.default\">\n\t\t\t\t\t\t\t\t\t\t\t\t\t\t\t<img decoding=\"async\" width=\"145\" height=\"17\" src=\"https:\/\/www.1.laboratoire-achroma.fr\/ks\/wp-content\/uploads\/2025\/07\/1Fichier-9@72x.webp\" class=\"attachment-large size-large wp-image-29\" alt=\"\" \/>\t\t\t\t\t\t\t\t\t\t\t\t\t\t\t<\/div>\n\t\t<div class=\"elementor-element elementor-element-e6f2e3d e-grid e-con-full e-con e-child\" data-id=\"e6f2e3d\" data-element_type=\"container\">\n\t\t<div class=\"elementor-element elementor-element-9ad5839 e-con-full e-flex elementor-invisible e-con e-child\" data-id=\"9ad5839\" data-element_type=\"container\" data-settings=\"{&quot;animation&quot;:&quot;fadeIn&quot;}\">\n\t\t\t\t<div class=\"elementor-element elementor-element-cf0fed6 elementor-widget elementor-widget-image\" data-id=\"cf0fed6\" data-element_type=\"widget\" data-widget_type=\"image.default\">\n\t\t\t\t\t\t\t\t\t\t\t\t\t\t\t<img decoding=\"async\" width=\"113\" height=\"73\" src=\"https:\/\/www.1.laboratoire-achroma.fr\/ks\/wp-content\/uploads\/2025\/07\/1Fichier-15@72x.webp\" class=\"attachment-large size-large wp-image-35\" alt=\"\" \/>\t\t\t\t\t\t\t\t\t\t\t\t\t\t\t<\/div>\n\t\t\t\t<div class=\"elementor-element elementor-element-73e4f44 elementor-widget elementor-widget-heading\" data-id=\"73e4f44\" data-element_type=\"widget\" data-widget_type=\"heading.default\">\n\t\t\t\t\t<h2 class=\"elementor-heading-title elementor-size-default\">Commerces<br>\net enseignes<\/h2>\t\t\t\t<\/div>\n\t\t\t\t<\/div>\n\t\t<div class=\"elementor-element elementor-element-8e078a6 e-con-full e-flex elementor-invisible e-con e-child\" data-id=\"8e078a6\" data-element_type=\"container\" data-settings=\"{&quot;animation&quot;:&quot;fadeIn&quot;,&quot;animation_delay&quot;:300}\">\n\t\t\t\t<div class=\"elementor-element elementor-element-f4bfb21 elementor-widget elementor-widget-image\" data-id=\"f4bfb21\" data-element_type=\"widget\" data-widget_type=\"image.default\">\n\t\t\t\t\t\t\t\t\t\t\t\t\t\t\t<img decoding=\"async\" width=\"112\" height=\"67\" src=\"https:\/\/www.1.laboratoire-achroma.fr\/ks\/wp-content\/uploads\/2025\/07\/1Fichier-16@72x.webp\" class=\"attachment-large size-large wp-image-36\" alt=\"\" \/>\t\t\t\t\t\t\t\t\t\t\t\t\t\t\t<\/div>\n\t\t\t\t<div class=\"elementor-element elementor-element-fedfc90 elementor-widget elementor-widget-heading\" data-id=\"fedfc90\" data-element_type=\"widget\" data-widget_type=\"heading.default\">\n\t\t\t\t\t<h2 class=\"elementor-heading-title elementor-size-default\">Entreprises<br>\net bureaux<\/h2>\t\t\t\t<\/div>\n\t\t\t\t<\/div>\n\t\t<div class=\"elementor-element elementor-element-541c3cb e-con-full e-flex elementor-invisible e-con e-child\" data-id=\"541c3cb\" data-element_type=\"container\" data-settings=\"{&quot;animation&quot;:&quot;fadeIn&quot;,&quot;animation_delay&quot;:600}\">\n\t\t\t\t<div class=\"elementor-element elementor-element-46b019d elementor-widget elementor-widget-image\" data-id=\"46b019d\" data-element_type=\"widget\" data-widget_type=\"image.default\">\n\t\t\t\t\t\t\t\t\t\t\t\t\t\t\t<img loading=\"lazy\" decoding=\"async\" width=\"112\" height=\"69\" src=\"https:\/\/www.1.laboratoire-achroma.fr\/ks\/wp-content\/uploads\/2025\/07\/1Fichier-17@72x.webp\" class=\"attachment-large size-large wp-image-37\" alt=\"\" \/>\t\t\t\t\t\t\t\t\t\t\t\t\t\t\t<\/div>\n\t\t\t\t<div class=\"elementor-element elementor-element-32cc5c4 elementor-widget elementor-widget-heading\" data-id=\"32cc5c4\" data-element_type=\"widget\" data-widget_type=\"heading.default\">\n\t\t\t\t\t<h2 class=\"elementor-heading-title elementor-size-default\">Chantiers<br>\net BTP<\/h2>\t\t\t\t<\/div>\n\t\t\t\t<\/div>\n\t\t<div class=\"elementor-element elementor-element-8dfed7f e-con-full e-flex elementor-invisible e-con e-child\" data-id=\"8dfed7f\" data-element_type=\"container\" data-settings=\"{&quot;animation&quot;:&quot;fadeIn&quot;,&quot;animation_delay&quot;:900}\">\n\t\t\t\t<div class=\"elementor-element elementor-element-e38f14b elementor-widget elementor-widget-image\" data-id=\"e38f14b\" data-element_type=\"widget\" data-widget_type=\"image.default\">\n\t\t\t\t\t\t\t\t\t\t\t\t\t\t\t<img loading=\"lazy\" decoding=\"async\" width=\"113\" height=\"69\" src=\"https:\/\/www.1.laboratoire-achroma.fr\/ks\/wp-content\/uploads\/2025\/07\/1Fichier-18@72x.webp\" class=\"attachment-large size-large wp-image-38\" alt=\"\" \/>\t\t\t\t\t\t\t\t\t\t\t\t\t\t\t<\/div>\n\t\t\t\t<div class=\"elementor-element elementor-element-38b12ca elementor-widget elementor-widget-heading\" data-id=\"38b12ca\" data-element_type=\"widget\" data-widget_type=\"heading.default\">\n\t\t\t\t\t<h2 class=\"elementor-heading-title elementor-size-default\">R\u00e9sidences<br>\net propri\u00e9t\u00e9s priv\u00e9es<\/h2>\t\t\t\t<\/div>\n\t\t\t\t<\/div>\n\t\t\t\t<\/div>\n\t\t\t\t<div class=\"elementor-element elementor-element-4729893 elementor-align-center elementor-widget elementor-widget-button\" data-id=\"4729893\" data-element_type=\"widget\" data-widget_type=\"button.default\">\n\t\t\t\t\t\t\t\t\t\t<a class=\"elementor-button elementor-button-link elementor-size-sm\" href=\"http:\/\/www.1.laboratoire-achroma.fr\/ks\/index.php\/a-propos\/\">\n\t\t\t\t\t\t<span class=\"elementor-button-content-wrapper\">\n\t\t\t\t\t\t\t\t\t<span class=\"elementor-button-text\">En savoir plus<\/span>\n\t\t\t\t\t<\/span>\n\t\t\t\t\t<\/a>\n\t\t\t\t\t\t\t\t<\/div>\n\t\t\t\t\t<\/div>\n\t\t\t\t<\/div>\n\t\t<div class=\"elementor-element elementor-element-341acc4 e-flex e-con-boxed e-con e-parent\" data-id=\"341acc4\" data-element_type=\"container\" data-settings=\"{&quot;background_background&quot;:&quot;gradient&quot;}\">\n\t\t\t\t\t<div class=\"e-con-inner\">\n\t\t\t\t<div class=\"elementor-element elementor-element-6b3189d elementor-invisible elementor-widget elementor-widget-heading\" data-id=\"6b3189d\" data-element_type=\"widget\" data-settings=\"{&quot;_animation&quot;:&quot;fadeIn&quot;}\" data-widget_type=\"heading.default\">\n\t\t\t\t\t<h2 class=\"elementor-heading-title elementor-size-default\">Besoin d\u2019une s\u00e9curit\u00e9 fiable ?<\/h2>\t\t\t\t<\/div>\n\t\t\t\t<div class=\"elementor-element elementor-element-8c0e6fa elementor-widget elementor-widget-image\" data-id=\"8c0e6fa\" data-element_type=\"widget\" data-widget_type=\"image.default\">\n\t\t\t\t\t\t\t\t\t\t\t\t\t\t\t<img decoding=\"async\" width=\"145\" height=\"17\" src=\"https:\/\/www.1.laboratoire-achroma.fr\/ks\/wp-content\/uploads\/2025\/07\/1Fichier-9@72x.webp\" class=\"attachment-large size-large wp-image-29\" alt=\"\" \/>\t\t\t\t\t\t\t\t\t\t\t\t\t\t\t<\/div>\n\t\t\t\t<div class=\"elementor-element elementor-element-b07bbea elementor-align-center elementor-widget elementor-widget-button\" data-id=\"b07bbea\" data-element_type=\"widget\" data-widget_type=\"button.default\">\n\t\t\t\t\t\t\t\t\t\t<a class=\"elementor-button elementor-button-link elementor-size-sm\" href=\"http:\/\/www.1.laboratoire-achroma.fr\/ks\/index.php\/contact\/\">\n\t\t\t\t\t\t<span class=\"elementor-button-content-wrapper\">\n\t\t\t\t\t\t\t\t\t<span class=\"elementor-button-text\">Contactez-nous<\/span>\n\t\t\t\t\t<\/span>\n\t\t\t\t\t<\/a>\n\t\t\t\t\t\t\t\t<\/div>\n\t\t\t\t\t<\/div>\n\t\t\t\t<\/div>\n\t\t\t\t<\/div>\n\t\t","protected":false},"excerpt":{"rendered":"<p>Nos derni\u00e8res interventions Retrouvez ici un aper\u00e7u des missions r\u00e9centes r\u00e9alis\u00e9es par nos \u00e9quipes sur le terrain. Chaque intervention t\u00e9moigne de notre engagement \u00e0 assurer votre s\u00e9curit\u00e9 avec professionnalisme et r\u00e9activit\u00e9. Demandez votre devis Quel que soit votre secteur Commerces et enseignes Entreprises et bureaux Chantiers et BTP R\u00e9sidences et propri\u00e9t\u00e9s priv\u00e9es En savoir plus [&hellip;]<\/p>\n","protected":false},"author":1,"featured_media":0,"parent":0,"menu_order":0,"comment_status":"closed","ping_status":"closed","template":"elementor_header_footer","meta":{"_acf_changed":false,"footnotes":""},"class_list":["post-358","page","type-page","status-publish","hentry"],"acf":[],"_links":{"self":[{"href":"https:\/\/www.1.laboratoire-achroma.fr\/ks\/index.php\/wp-json\/wp\/v2\/pages\/358","targetHints":{"allow":["GET"]}}],"collection":[{"href":"https:\/\/www.1.laboratoire-achroma.fr\/ks\/index.php\/wp-json\/wp\/v2\/pages"}],"about":[{"href":"https:\/\/www.1.laboratoire-achroma.fr\/ks\/index.php\/wp-json\/wp\/v2\/types\/page"}],"author":[{"embeddable":true,"href":"https:\/\/www.1.laboratoire-achroma.fr\/ks\/index.php\/wp-json\/wp\/v2\/users\/1"}],"replies":[{"embeddable":true,"href":"https:\/\/www.1.laboratoire-achroma.fr\/ks\/index.php\/wp-json\/wp\/v2\/comments?post=358"}],"version-history":[{"count":22,"href":"https:\/\/www.1.laboratoire-achroma.fr\/ks\/index.php\/wp-json\/wp\/v2\/pages\/358\/revisions"}],"predecessor-version":[{"id":480,"href":"https:\/\/www.1.laboratoire-achroma.fr\/ks\/index.php\/wp-json\/wp\/v2\/pages\/358\/revisions\/480"}],"wp:attachment":[{"href":"https:\/\/www.1.laboratoire-achroma.fr\/ks\/index.php\/wp-json\/wp\/v2\/media?parent=358"}],"curies":[{"name":"wp","href":"https:\/\/api.w.org\/{rel}","templated":true}]}}