{"id":302,"date":"2025-07-15T15:21:19","date_gmt":"2025-07-15T15:21:19","guid":{"rendered":"http:\/\/www.1.laboratoire-achroma.fr\/ks\/?page_id=302"},"modified":"2025-08-06T09:14:45","modified_gmt":"2025-08-06T09:14:45","slug":"expertise","status":"publish","type":"page","link":"https:\/\/www.1.laboratoire-achroma.fr\/ks\/index.php\/expertise\/","title":{"rendered":"Expertise"},"content":{"rendered":"\t\t<div data-elementor-type=\"wp-page\" data-elementor-id=\"302\" class=\"elementor elementor-302\" data-elementor-post-type=\"page\">\n\t\t\t\t<div class=\"elementor-element elementor-element-995c9b6 e-flex e-con-boxed e-con e-parent\" data-id=\"995c9b6\" data-element_type=\"container\" data-settings=\"{&quot;background_background&quot;:&quot;classic&quot;}\">\n\t\t\t\t\t<div class=\"e-con-inner\">\n\t\t\t\t\t<\/div>\n\t\t\t\t<\/div>\n\t\t<div class=\"elementor-element elementor-element-45d43da e-flex e-con-boxed e-con e-parent\" data-id=\"45d43da\" data-element_type=\"container\" data-settings=\"{&quot;background_background&quot;:&quot;classic&quot;}\">\n\t\t\t\t\t<div class=\"e-con-inner\">\n\t\t\t\t<div class=\"elementor-element elementor-element-2be29ec elementor-widget__width-initial elementor-widget elementor-widget-heading\" data-id=\"2be29ec\" data-element_type=\"widget\" data-widget_type=\"heading.default\">\n\t\t\t\t\t<h1 class=\"elementor-heading-title elementor-size-default\">Notre expertise en s\u00e9curit\u00e9<\/h1>\t\t\t\t<\/div>\n\t\t\t\t<div class=\"elementor-element elementor-element-dc8bb16 elementor-widget__width-initial elementor-widget elementor-widget-heading\" data-id=\"dc8bb16\" data-element_type=\"widget\" data-widget_type=\"heading.default\">\n\t\t\t\t\t<h2 class=\"elementor-heading-title elementor-size-default\">KS S\u00e9curit\u00e9 met \u00e0 votre disposition des agents form\u00e9s et r\u00e9actifs pour s\u00e9curiser vos locaux, vos \u00e9v\u00e9nements ou vos infrastructures, dans le Lot et partout en France.<\/h2>\t\t\t\t<\/div>\n\t\t<div class=\"elementor-element elementor-element-6113682 e-con-full e-flex e-con e-child\" data-id=\"6113682\" data-element_type=\"container\">\n\t\t\t\t<div class=\"elementor-element elementor-element-bbb6ccf elementor-widget elementor-widget-button\" data-id=\"bbb6ccf\" data-element_type=\"widget\" data-widget_type=\"button.default\">\n\t\t\t\t\t\t\t\t\t\t<a class=\"elementor-button elementor-button-link elementor-size-sm\" href=\"http:\/\/www.1.laboratoire-achroma.fr\/ks\/index.php\/contact\/\">\n\t\t\t\t\t\t<span class=\"elementor-button-content-wrapper\">\n\t\t\t\t\t\t\t\t\t<span class=\"elementor-button-text\">Demandez votre devis<\/span>\n\t\t\t\t\t<\/span>\n\t\t\t\t\t<\/a>\n\t\t\t\t\t\t\t\t<\/div>\n\t\t\t\t<\/div>\n\t\t\t\t\t<\/div>\n\t\t\t\t<\/div>\n\t\t<div class=\"elementor-element elementor-element-878c8eb e-grid e-con-boxed e-con e-parent\" data-id=\"878c8eb\" data-element_type=\"container\" data-settings=\"{&quot;background_background&quot;:&quot;classic&quot;}\">\n\t\t\t\t\t<div class=\"e-con-inner\">\n\t\t<div class=\"elementor-element elementor-element-ca47821 e-con-full e-flex e-con e-child\" data-id=\"ca47821\" data-element_type=\"container\">\n\t\t\t\t<div class=\"elementor-element elementor-element-01e750f elementor-invisible elementor-widget elementor-widget-heading\" data-id=\"01e750f\" data-element_type=\"widget\" data-settings=\"{&quot;_animation&quot;:&quot;fadeIn&quot;}\" data-widget_type=\"heading.default\">\n\t\t\t\t\t<h2 class=\"elementor-heading-title elementor-size-default\">Intervention sur alarme<\/h2>\t\t\t\t<\/div>\n\t\t\t\t<div class=\"elementor-element elementor-element-6c6a0eb elementor-widget elementor-widget-image\" data-id=\"6c6a0eb\" data-element_type=\"widget\" data-widget_type=\"image.default\">\n\t\t\t\t\t\t\t\t\t\t\t\t\t\t\t<img decoding=\"async\" width=\"145\" height=\"17\" src=\"https:\/\/www.1.laboratoire-achroma.fr\/ks\/wp-content\/uploads\/2025\/07\/1Fichier-9@72x.webp\" class=\"attachment-large size-large wp-image-29\" alt=\"\" \/>\t\t\t\t\t\t\t\t\t\t\t\t\t\t\t<\/div>\n\t\t\t\t<div class=\"elementor-element elementor-element-fde9256 elementor-invisible elementor-widget elementor-widget-text-editor\" data-id=\"fde9256\" data-element_type=\"widget\" data-settings=\"{&quot;_animation&quot;:&quot;fadeIn&quot;}\" data-widget_type=\"text-editor.default\">\n\t\t\t\t\t\t\t\t\t<p><strong>Une r\u00e9ponse rapide, jour et nuit.<\/strong><br \/>Nos agents interviennent imm\u00e9diatement d\u00e8s qu\u2019une alarme se d\u00e9clenche. Gr\u00e2ce \u00e0 une parfaite connaissance du territoire et \u00e0 une organisation locale, nous assurons des d\u00e9lais d\u2019intervention optimis\u00e9s, 24h\/24 et 7j\/7.<\/p><p>\u00a0<\/p><p><strong>Objectif : lever le doute, s\u00e9curiser les lieux, alerter les forces de l\u2019ordre si n\u00e9cessaire.<\/strong><\/p>\t\t\t\t\t\t\t\t<\/div>\n\t\t\t\t<\/div>\n\t\t<div class=\"elementor-element elementor-element-8bbe737 e-con-full e-flex e-con e-child\" data-id=\"8bbe737\" data-element_type=\"container\">\n\t\t<div class=\"elementor-element elementor-element-aeb8485 e-con-full e-flex e-con e-child\" data-id=\"aeb8485\" data-element_type=\"container\" data-settings=\"{&quot;background_background&quot;:&quot;classic&quot;}\">\n\t\t\t\t<\/div>\n\t\t<div class=\"elementor-element elementor-element-9183b96 e-con-full e-flex e-con e-child\" data-id=\"9183b96\" data-element_type=\"container\" data-settings=\"{&quot;background_background&quot;:&quot;classic&quot;}\">\n\t\t<div class=\"elementor-element elementor-element-5b6b9ac e-con-full e-flex e-con e-child\" data-id=\"5b6b9ac\" data-element_type=\"container\" data-settings=\"{&quot;background_background&quot;:&quot;classic&quot;}\">\n\t\t\t\t<\/div>\n\t\t<div class=\"elementor-element elementor-element-3d5121e e-con-full e-flex e-con e-child\" data-id=\"3d5121e\" data-element_type=\"container\" data-settings=\"{&quot;background_background&quot;:&quot;classic&quot;}\">\n\t\t\t\t<\/div>\n\t\t\t\t<\/div>\n\t\t\t\t<\/div>\n\t\t\t\t\t<\/div>\n\t\t\t\t<\/div>\n\t\t<div class=\"elementor-element elementor-element-150eea4 e-flex e-con-boxed e-con e-parent\" data-id=\"150eea4\" data-element_type=\"container\" data-settings=\"{&quot;background_background&quot;:&quot;classic&quot;}\">\n\t\t\t\t\t<div class=\"e-con-inner\">\n\t\t\t\t<div class=\"elementor-element elementor-element-6b56d01 elementor-invisible elementor-widget elementor-widget-heading\" data-id=\"6b56d01\" data-element_type=\"widget\" data-settings=\"{&quot;_animation&quot;:&quot;fadeIn&quot;}\" data-widget_type=\"heading.default\">\n\t\t\t\t\t<h2 class=\"elementor-heading-title elementor-size-default\">Rondes de s\u00e9curit\u00e9 &amp; contr\u00f4les<\/h2>\t\t\t\t<\/div>\n\t\t\t\t<div class=\"elementor-element elementor-element-073ad6f elementor-widget elementor-widget-image\" data-id=\"073ad6f\" data-element_type=\"widget\" data-widget_type=\"image.default\">\n\t\t\t\t\t\t\t\t\t\t\t\t\t\t\t<img decoding=\"async\" width=\"145\" height=\"17\" src=\"https:\/\/www.1.laboratoire-achroma.fr\/ks\/wp-content\/uploads\/2025\/07\/1Fichier-9@72x.webp\" class=\"attachment-large size-large wp-image-29\" alt=\"\" \/>\t\t\t\t\t\t\t\t\t\t\t\t\t\t\t<\/div>\n\t\t\t\t<div class=\"elementor-element elementor-element-f0526b6 elementor-invisible elementor-widget elementor-widget-text-editor\" data-id=\"f0526b6\" data-element_type=\"widget\" data-settings=\"{&quot;_animation&quot;:&quot;fadeIn&quot;}\" data-widget_type=\"text-editor.default\">\n\t\t\t\t\t\t\t\t\t<p><strong>Pr\u00e9vention active contre les intrusions et les incidents.<\/strong><br \/>Nos rondes pr\u00e9ventives permettent de dissuader tout acte malveillant et de d\u00e9tecter toute anomalie (porte ouverte, intrusion, fuite, incendie\u2026). Elles sont effectu\u00e9es selon un planning d\u00e9fini ou \u00e0 la demande, en horaires d\u00e9cal\u00e9s ou inopin\u00e9s. Nous assurons \u00e9galement des <strong>contr\u00f4les d\u2019acc\u00e8s, ouvertures\/fermetures de site, ou encore v\u00e9rifications sp\u00e9cifiques (temp\u00e9ratures, \u00e9clairage, etc.).<\/strong><\/p>\t\t\t\t\t\t\t\t<\/div>\n\t\t<div class=\"elementor-element elementor-element-7119c43 e-grid e-con-full e-con e-child\" data-id=\"7119c43\" data-element_type=\"container\">\n\t\t<div class=\"elementor-element elementor-element-d5f8874 e-con-full e-flex e-con e-child\" data-id=\"d5f8874\" data-element_type=\"container\" data-settings=\"{&quot;background_background&quot;:&quot;classic&quot;}\">\n\t\t\t\t<\/div>\n\t\t<div class=\"elementor-element elementor-element-2356173 e-con-full e-flex e-con e-child\" data-id=\"2356173\" data-element_type=\"container\" data-settings=\"{&quot;background_background&quot;:&quot;classic&quot;}\">\n\t\t\t\t<\/div>\n\t\t<div class=\"elementor-element elementor-element-8b0c3fd e-con-full e-flex e-con e-child\" data-id=\"8b0c3fd\" data-element_type=\"container\" data-settings=\"{&quot;background_background&quot;:&quot;classic&quot;}\">\n\t\t\t\t<\/div>\n\t\t<div class=\"elementor-element elementor-element-b22ed85 e-con-full e-flex e-con e-child\" data-id=\"b22ed85\" data-element_type=\"container\" data-settings=\"{&quot;background_background&quot;:&quot;classic&quot;}\">\n\t\t\t\t<\/div>\n\t\t\t\t<\/div>\n\t\t\t\t\t<\/div>\n\t\t\t\t<\/div>\n\t\t<div class=\"elementor-element elementor-element-fe7de79 e-grid e-con-boxed e-con e-parent\" data-id=\"fe7de79\" data-element_type=\"container\" data-settings=\"{&quot;background_background&quot;:&quot;classic&quot;}\">\n\t\t\t\t\t<div class=\"e-con-inner\">\n\t\t<div class=\"elementor-element elementor-element-936c735 e-con-full e-flex e-con e-child\" data-id=\"936c735\" data-element_type=\"container\">\n\t\t\t\t<div class=\"elementor-element elementor-element-36f32eb elementor-invisible elementor-widget elementor-widget-heading\" data-id=\"36f32eb\" data-element_type=\"widget\" data-settings=\"{&quot;_animation&quot;:&quot;fadeIn&quot;}\" data-widget_type=\"heading.default\">\n\t\t\t\t\t<h2 class=\"elementor-heading-title elementor-size-default\">Agents de pr\u00e9vention et de s\u00e9curit\u00e9 (APS)<\/h2>\t\t\t\t<\/div>\n\t\t\t\t<div class=\"elementor-element elementor-element-71af95a elementor-widget elementor-widget-image\" data-id=\"71af95a\" data-element_type=\"widget\" data-widget_type=\"image.default\">\n\t\t\t\t\t\t\t\t\t\t\t\t\t\t\t<img decoding=\"async\" width=\"145\" height=\"17\" src=\"https:\/\/www.1.laboratoire-achroma.fr\/ks\/wp-content\/uploads\/2025\/07\/1Fichier-9@72x.webp\" class=\"attachment-large size-large wp-image-29\" alt=\"\" \/>\t\t\t\t\t\t\t\t\t\t\t\t\t\t\t<\/div>\n\t\t\t\t<div class=\"elementor-element elementor-element-d7f6d72 elementor-invisible elementor-widget elementor-widget-text-editor\" data-id=\"d7f6d72\" data-element_type=\"widget\" data-settings=\"{&quot;_animation&quot;:&quot;fadeIn&quot;}\" data-widget_type=\"text-editor.default\">\n\t\t\t\t\t\t\t\t\t<p><strong>Une pr\u00e9sence humaine qualifi\u00e9e, pour un <\/strong><strong>environnement s\u00e9curis\u00e9.<\/strong><br \/>Nos agents APS assurent la surveillance des biens et des personnes dans les entreprises, commerces, chantiers, \u00e9tablissements recevant du public, ou sites sensibles. Ils sont form\u00e9s pour pr\u00e9venir les risques, appliquer les consignes, g\u00e9rer les conflits et intervenir en cas de besoin. Leur mission : <strong>prot\u00e9ger avec discr\u00e9tion, r\u00e9activit\u00e9 et professionnalisme.<\/strong><\/p>\t\t\t\t\t\t\t\t<\/div>\n\t\t\t\t<\/div>\n\t\t<div class=\"elementor-element elementor-element-905dba6 e-con-full e-flex e-con e-child\" data-id=\"905dba6\" data-element_type=\"container\">\n\t\t<div class=\"elementor-element elementor-element-1aed72b e-con-full e-flex e-con e-child\" data-id=\"1aed72b\" data-element_type=\"container\" data-settings=\"{&quot;background_background&quot;:&quot;classic&quot;}\">\n\t\t\t\t<\/div>\n\t\t<div class=\"elementor-element elementor-element-9726d63 e-con-full e-flex e-con e-child\" data-id=\"9726d63\" data-element_type=\"container\" data-settings=\"{&quot;background_background&quot;:&quot;classic&quot;}\">\n\t\t<div class=\"elementor-element elementor-element-27248f5 e-con-full e-flex e-con e-child\" data-id=\"27248f5\" data-element_type=\"container\" data-settings=\"{&quot;background_background&quot;:&quot;classic&quot;}\">\n\t\t\t\t<\/div>\n\t\t<div class=\"elementor-element elementor-element-62b4ffa e-con-full e-flex e-con e-child\" data-id=\"62b4ffa\" data-element_type=\"container\" data-settings=\"{&quot;background_background&quot;:&quot;classic&quot;}\">\n\t\t\t\t<\/div>\n\t\t\t\t<\/div>\n\t\t\t\t<\/div>\n\t\t\t\t\t<\/div>\n\t\t\t\t<\/div>\n\t\t<div class=\"elementor-element elementor-element-3252a4c e-flex e-con-boxed e-con e-parent\" data-id=\"3252a4c\" data-element_type=\"container\" data-settings=\"{&quot;background_background&quot;:&quot;classic&quot;}\">\n\t\t\t\t\t<div class=\"e-con-inner\">\n\t\t\t\t<div class=\"elementor-element elementor-element-bc149f3 elementor-invisible elementor-widget elementor-widget-heading\" data-id=\"bc149f3\" data-element_type=\"widget\" data-settings=\"{&quot;_animation&quot;:&quot;fadeIn&quot;}\" data-widget_type=\"heading.default\">\n\t\t\t\t\t<h3 class=\"elementor-heading-title elementor-size-default\">Quel que soit votre secteur<\/h3>\t\t\t\t<\/div>\n\t\t\t\t<div class=\"elementor-element elementor-element-1c15a12 elementor-widget elementor-widget-image\" data-id=\"1c15a12\" data-element_type=\"widget\" data-widget_type=\"image.default\">\n\t\t\t\t\t\t\t\t\t\t\t\t\t\t\t<img decoding=\"async\" width=\"145\" height=\"17\" src=\"https:\/\/www.1.laboratoire-achroma.fr\/ks\/wp-content\/uploads\/2025\/07\/1Fichier-9@72x.webp\" class=\"attachment-large size-large wp-image-29\" alt=\"\" \/>\t\t\t\t\t\t\t\t\t\t\t\t\t\t\t<\/div>\n\t\t<div class=\"elementor-element elementor-element-795919b e-grid e-con-full e-con e-child\" data-id=\"795919b\" data-element_type=\"container\">\n\t\t<div class=\"elementor-element elementor-element-10d708e e-con-full e-flex elementor-invisible e-con e-child\" data-id=\"10d708e\" data-element_type=\"container\" data-settings=\"{&quot;animation&quot;:&quot;fadeIn&quot;}\">\n\t\t\t\t<div class=\"elementor-element elementor-element-cf22174 elementor-widget elementor-widget-image\" data-id=\"cf22174\" data-element_type=\"widget\" data-widget_type=\"image.default\">\n\t\t\t\t\t\t\t\t\t\t\t\t\t\t\t<img decoding=\"async\" width=\"113\" height=\"73\" src=\"https:\/\/www.1.laboratoire-achroma.fr\/ks\/wp-content\/uploads\/2025\/07\/1Fichier-15@72x.webp\" class=\"attachment-large size-large wp-image-35\" alt=\"\" \/>\t\t\t\t\t\t\t\t\t\t\t\t\t\t\t<\/div>\n\t\t\t\t<div class=\"elementor-element elementor-element-7630995 elementor-widget elementor-widget-heading\" data-id=\"7630995\" data-element_type=\"widget\" data-widget_type=\"heading.default\">\n\t\t\t\t\t<h2 class=\"elementor-heading-title elementor-size-default\">Commerces<br>\net enseignes<\/h2>\t\t\t\t<\/div>\n\t\t\t\t<\/div>\n\t\t<div class=\"elementor-element elementor-element-da5df8c e-con-full e-flex elementor-invisible e-con e-child\" data-id=\"da5df8c\" data-element_type=\"container\" data-settings=\"{&quot;animation&quot;:&quot;fadeIn&quot;,&quot;animation_delay&quot;:300}\">\n\t\t\t\t<div class=\"elementor-element elementor-element-f1b06eb elementor-widget elementor-widget-image\" data-id=\"f1b06eb\" data-element_type=\"widget\" data-widget_type=\"image.default\">\n\t\t\t\t\t\t\t\t\t\t\t\t\t\t\t<img decoding=\"async\" width=\"112\" height=\"67\" src=\"https:\/\/www.1.laboratoire-achroma.fr\/ks\/wp-content\/uploads\/2025\/07\/1Fichier-16@72x.webp\" class=\"attachment-large size-large wp-image-36\" alt=\"\" \/>\t\t\t\t\t\t\t\t\t\t\t\t\t\t\t<\/div>\n\t\t\t\t<div class=\"elementor-element elementor-element-5bb3d0e elementor-widget elementor-widget-heading\" data-id=\"5bb3d0e\" data-element_type=\"widget\" data-widget_type=\"heading.default\">\n\t\t\t\t\t<h2 class=\"elementor-heading-title elementor-size-default\">Entreprises<br>\net bureaux<\/h2>\t\t\t\t<\/div>\n\t\t\t\t<\/div>\n\t\t<div class=\"elementor-element elementor-element-bd24482 e-con-full e-flex elementor-invisible e-con e-child\" data-id=\"bd24482\" data-element_type=\"container\" data-settings=\"{&quot;animation&quot;:&quot;fadeIn&quot;,&quot;animation_delay&quot;:600}\">\n\t\t\t\t<div class=\"elementor-element elementor-element-e202b80 elementor-widget elementor-widget-image\" data-id=\"e202b80\" data-element_type=\"widget\" data-widget_type=\"image.default\">\n\t\t\t\t\t\t\t\t\t\t\t\t\t\t\t<img loading=\"lazy\" decoding=\"async\" width=\"112\" height=\"69\" src=\"https:\/\/www.1.laboratoire-achroma.fr\/ks\/wp-content\/uploads\/2025\/07\/1Fichier-17@72x.webp\" class=\"attachment-large size-large wp-image-37\" alt=\"\" \/>\t\t\t\t\t\t\t\t\t\t\t\t\t\t\t<\/div>\n\t\t\t\t<div class=\"elementor-element elementor-element-e83adb6 elementor-widget elementor-widget-heading\" data-id=\"e83adb6\" data-element_type=\"widget\" data-widget_type=\"heading.default\">\n\t\t\t\t\t<h2 class=\"elementor-heading-title elementor-size-default\">Chantiers<br>\net BTP<\/h2>\t\t\t\t<\/div>\n\t\t\t\t<\/div>\n\t\t<div class=\"elementor-element elementor-element-1940fa2 e-con-full e-flex elementor-invisible e-con e-child\" data-id=\"1940fa2\" data-element_type=\"container\" data-settings=\"{&quot;animation&quot;:&quot;fadeIn&quot;,&quot;animation_delay&quot;:900}\">\n\t\t\t\t<div class=\"elementor-element elementor-element-9ec722d elementor-widget elementor-widget-image\" data-id=\"9ec722d\" data-element_type=\"widget\" data-widget_type=\"image.default\">\n\t\t\t\t\t\t\t\t\t\t\t\t\t\t\t<img loading=\"lazy\" decoding=\"async\" width=\"113\" height=\"69\" src=\"https:\/\/www.1.laboratoire-achroma.fr\/ks\/wp-content\/uploads\/2025\/07\/1Fichier-18@72x.webp\" class=\"attachment-large size-large wp-image-38\" alt=\"\" \/>\t\t\t\t\t\t\t\t\t\t\t\t\t\t\t<\/div>\n\t\t\t\t<div class=\"elementor-element elementor-element-3ff25f7 elementor-widget elementor-widget-heading\" data-id=\"3ff25f7\" data-element_type=\"widget\" data-widget_type=\"heading.default\">\n\t\t\t\t\t<h2 class=\"elementor-heading-title elementor-size-default\">R\u00e9sidences<br>\net propri\u00e9t\u00e9s priv\u00e9es<\/h2>\t\t\t\t<\/div>\n\t\t\t\t<\/div>\n\t\t\t\t<\/div>\n\t\t\t\t<div class=\"elementor-element elementor-element-34c1172 elementor-align-center elementor-widget elementor-widget-button\" data-id=\"34c1172\" data-element_type=\"widget\" data-widget_type=\"button.default\">\n\t\t\t\t\t\t\t\t\t\t<a class=\"elementor-button elementor-button-link elementor-size-sm\" href=\"http:\/\/www.1.laboratoire-achroma.fr\/ks\/index.php\/a-propos\/\">\n\t\t\t\t\t\t<span class=\"elementor-button-content-wrapper\">\n\t\t\t\t\t\t\t\t\t<span class=\"elementor-button-text\">En savoir plus<\/span>\n\t\t\t\t\t<\/span>\n\t\t\t\t\t<\/a>\n\t\t\t\t\t\t\t\t<\/div>\n\t\t\t\t\t<\/div>\n\t\t\t\t<\/div>\n\t\t<div class=\"elementor-element elementor-element-8b5f11d e-flex e-con-boxed e-con e-parent\" data-id=\"8b5f11d\" data-element_type=\"container\" data-settings=\"{&quot;background_background&quot;:&quot;gradient&quot;}\">\n\t\t\t\t\t<div class=\"e-con-inner\">\n\t\t\t\t<div class=\"elementor-element elementor-element-270361f elementor-invisible elementor-widget elementor-widget-heading\" data-id=\"270361f\" data-element_type=\"widget\" data-settings=\"{&quot;_animation&quot;:&quot;fadeIn&quot;}\" data-widget_type=\"heading.default\">\n\t\t\t\t\t<h2 class=\"elementor-heading-title elementor-size-default\">Besoin d\u2019une s\u00e9curit\u00e9 fiable ?<\/h2>\t\t\t\t<\/div>\n\t\t\t\t<div class=\"elementor-element elementor-element-2eb3a30 elementor-widget elementor-widget-image\" data-id=\"2eb3a30\" data-element_type=\"widget\" data-widget_type=\"image.default\">\n\t\t\t\t\t\t\t\t\t\t\t\t\t\t\t<img decoding=\"async\" width=\"145\" height=\"17\" src=\"https:\/\/www.1.laboratoire-achroma.fr\/ks\/wp-content\/uploads\/2025\/07\/1Fichier-9@72x.webp\" class=\"attachment-large size-large wp-image-29\" alt=\"\" \/>\t\t\t\t\t\t\t\t\t\t\t\t\t\t\t<\/div>\n\t\t\t\t<div class=\"elementor-element elementor-element-f72103f elementor-align-center elementor-widget elementor-widget-button\" data-id=\"f72103f\" data-element_type=\"widget\" data-widget_type=\"button.default\">\n\t\t\t\t\t\t\t\t\t\t<a class=\"elementor-button elementor-button-link elementor-size-sm\" href=\"http:\/\/www.1.laboratoire-achroma.fr\/ks\/index.php\/contact\/\">\n\t\t\t\t\t\t<span class=\"elementor-button-content-wrapper\">\n\t\t\t\t\t\t\t\t\t<span class=\"elementor-button-text\">Contactez-nous<\/span>\n\t\t\t\t\t<\/span>\n\t\t\t\t\t<\/a>\n\t\t\t\t\t\t\t\t<\/div>\n\t\t\t\t\t<\/div>\n\t\t\t\t<\/div>\n\t\t\t\t<\/div>\n\t\t","protected":false},"excerpt":{"rendered":"<p>Notre expertise en s\u00e9curit\u00e9 KS S\u00e9curit\u00e9 met \u00e0 votre disposition des agents form\u00e9s et r\u00e9actifs pour s\u00e9curiser vos locaux, vos \u00e9v\u00e9nements ou vos infrastructures, dans le Lot et partout en France. Demandez votre devis Intervention sur alarme Une r\u00e9ponse rapide, jour et nuit.Nos agents interviennent imm\u00e9diatement d\u00e8s qu\u2019une alarme se d\u00e9clenche. Gr\u00e2ce \u00e0 une parfaite [&hellip;]<\/p>\n","protected":false},"author":1,"featured_media":0,"parent":0,"menu_order":0,"comment_status":"closed","ping_status":"closed","template":"elementor_header_footer","meta":{"_acf_changed":false,"footnotes":""},"class_list":["post-302","page","type-page","status-publish","hentry"],"acf":[],"_links":{"self":[{"href":"https:\/\/www.1.laboratoire-achroma.fr\/ks\/index.php\/wp-json\/wp\/v2\/pages\/302","targetHints":{"allow":["GET"]}}],"collection":[{"href":"https:\/\/www.1.laboratoire-achroma.fr\/ks\/index.php\/wp-json\/wp\/v2\/pages"}],"about":[{"href":"https:\/\/www.1.laboratoire-achroma.fr\/ks\/index.php\/wp-json\/wp\/v2\/types\/page"}],"author":[{"embeddable":true,"href":"https:\/\/www.1.laboratoire-achroma.fr\/ks\/index.php\/wp-json\/wp\/v2\/users\/1"}],"replies":[{"embeddable":true,"href":"https:\/\/www.1.laboratoire-achroma.fr\/ks\/index.php\/wp-json\/wp\/v2\/comments?post=302"}],"version-history":[{"count":46,"href":"https:\/\/www.1.laboratoire-achroma.fr\/ks\/index.php\/wp-json\/wp\/v2\/pages\/302\/revisions"}],"predecessor-version":[{"id":522,"href":"https:\/\/www.1.laboratoire-achroma.fr\/ks\/index.php\/wp-json\/wp\/v2\/pages\/302\/revisions\/522"}],"wp:attachment":[{"href":"https:\/\/www.1.laboratoire-achroma.fr\/ks\/index.php\/wp-json\/wp\/v2\/media?parent=302"}],"curies":[{"name":"wp","href":"https:\/\/api.w.org\/{rel}","templated":true}]}}